{"id":38013,"date":"2025-09-04T18:37:05","date_gmt":"2025-09-04T18:37:05","guid":{"rendered":"https:\/\/ar-instrumed.de\/demo\/?post_type=product&#038;p=38013"},"modified":"2025-09-22T20:05:54","modified_gmt":"2025-09-22T20:05:54","slug":"dental-pliers-set-of-10-pieces","status":"publish","type":"product","link":"https:\/\/ar-instrumed.de\/fr\/product\/dental-pliers-set-of-10-pieces\/","title":{"rendered":"Pince dentaire set de 10 pi\u00e8ces"},"content":{"rendered":"<p>Pince d'extraction jeu de 10 pi\u00e8ces poign\u00e9e standard Fig 1 Incisives sup\u00e9rieures Fig 7 Pr\u00e9molaires sup\u00e9rieures Fig 13 Pr\u00e9molaires inf\u00e9rieures Fig 17 Molaires sup\u00e9rieures gauches Fig 18 Molaires sup\u00e9rieures droites Fig 22 Molaires inf\u00e9rieures Fig 33A Racines inf\u00e9rieures Fig 51 Racines sup\u00e9rieures Fig 67 Troisi\u00e8mes molaires sup\u00e9rieures Fig 79A Troisi\u00e8mes molaires inf\u00e9rieures<\/p>","protected":false},"excerpt":{"rendered":"<p>Extracting forceps set of 10 parts standard handle Fig 1 Upper incisors Fig 7 Upper premolars Fig 13 Lower premolars<\/p>","protected":false},"featured_media":38057,"comment_status":"open","ping_status":"closed","template":"","meta":[],"product_brand":[],"product_cat":[224,225,271],"product_tag":[],"class_list":{"0":"post-38013","1":"product","2":"type-product","3":"status-publish","4":"has-post-thumbnail","6":"product_cat-instruments-set","7":"product_cat-extraction","8":"product_cat-extraction-forceps-standard-handle","10":"first","11":"outofstock","12":"taxable","13":"shipping-taxable","14":"purchasable","15":"product-type-simple"},"_links":{"self":[{"href":"https:\/\/ar-instrumed.de\/fr\/wp-json\/wp\/v2\/product\/38013","targetHints":{"allow":["GET"]}}],"collection":[{"href":"https:\/\/ar-instrumed.de\/fr\/wp-json\/wp\/v2\/product"}],"about":[{"href":"https:\/\/ar-instrumed.de\/fr\/wp-json\/wp\/v2\/types\/product"}],"replies":[{"embeddable":true,"href":"https:\/\/ar-instrumed.de\/fr\/wp-json\/wp\/v2\/comments?post=38013"}],"version-history":[{"count":2,"href":"https:\/\/ar-instrumed.de\/fr\/wp-json\/wp\/v2\/product\/38013\/revisions"}],"predecessor-version":[{"id":55030,"href":"https:\/\/ar-instrumed.de\/fr\/wp-json\/wp\/v2\/product\/38013\/revisions\/55030"}],"wp:featuredmedia":[{"embeddable":true,"href":"https:\/\/ar-instrumed.de\/fr\/wp-json\/wp\/v2\/media\/38057"}],"wp:attachment":[{"href":"https:\/\/ar-instrumed.de\/fr\/wp-json\/wp\/v2\/media?parent=38013"}],"wp:term":[{"taxonomy":"product_brand","embeddable":true,"href":"https:\/\/ar-instrumed.de\/fr\/wp-json\/wp\/v2\/product_brand?post=38013"},{"taxonomy":"product_cat","embeddable":true,"href":"https:\/\/ar-instrumed.de\/fr\/wp-json\/wp\/v2\/product_cat?post=38013"},{"taxonomy":"product_tag","embeddable":true,"href":"https:\/\/ar-instrumed.de\/fr\/wp-json\/wp\/v2\/product_tag?post=38013"}],"curies":[{"name":"wp","href":"https:\/\/api.w.org\/{rel}","templated":true}]}}