{"id":38011,"date":"2025-09-04T18:37:01","date_gmt":"2025-09-04T18:37:01","guid":{"rendered":"https:\/\/ar-instrumed.de\/demo\/?post_type=product&#038;p=38011"},"modified":"2025-11-08T09:24:41","modified_gmt":"2025-11-08T09:24:41","slug":"fig-1-upper-incisors-canines","status":"publish","type":"product","link":"https:\/\/ar-instrumed.de\/fr\/product\/fig-1-upper-incisors-canines\/","title":{"rendered":"Fig.1 Incisives et canines sup\u00e9rieures"},"content":{"rendered":"<p>-Pince extracteur pour incisives sup\u00e9rieures, figure 1 -Mat\u00e9riau : Acier inoxydable m\u00e9dical de haute qualit\u00e9, r\u00e9sistant \u00e0 la corrosion -Profil de coupe (dents en croix) -L'int\u00e9rieur des m\u00e2choires du davier est dentel\u00e9 dans le sens de la longueur et dans le sens de la largeur -Bord dentel\u00e9 pour une meilleure friction o<\/p>","protected":false},"excerpt":{"rendered":"<p>-Extractor forceps for upper incisors, Figure 1 -Material: High-quality, corrosion-resistant medical stainless steel -Cut-off profile (cross-toothed) -The inside of the<\/p>","protected":false},"featured_media":38053,"comment_status":"open","ping_status":"closed","template":"","meta":[],"product_brand":[],"product_cat":[225,231,271],"product_tag":[],"class_list":{"0":"post-38011","1":"product","2":"type-product","3":"status-publish","4":"has-post-thumbnail","6":"product_cat-extraction","7":"product_cat-extraction-forceps","8":"product_cat-extraction-forceps-standard-handle","10":"first","11":"instock","12":"taxable","13":"shipping-taxable","14":"purchasable","15":"product-type-simple"},"_links":{"self":[{"href":"https:\/\/ar-instrumed.de\/fr\/wp-json\/wp\/v2\/product\/38011","targetHints":{"allow":["GET"]}}],"collection":[{"href":"https:\/\/ar-instrumed.de\/fr\/wp-json\/wp\/v2\/product"}],"about":[{"href":"https:\/\/ar-instrumed.de\/fr\/wp-json\/wp\/v2\/types\/product"}],"replies":[{"embeddable":true,"href":"https:\/\/ar-instrumed.de\/fr\/wp-json\/wp\/v2\/comments?post=38011"}],"version-history":[{"count":2,"href":"https:\/\/ar-instrumed.de\/fr\/wp-json\/wp\/v2\/product\/38011\/revisions"}],"predecessor-version":[{"id":55028,"href":"https:\/\/ar-instrumed.de\/fr\/wp-json\/wp\/v2\/product\/38011\/revisions\/55028"}],"wp:featuredmedia":[{"embeddable":true,"href":"https:\/\/ar-instrumed.de\/fr\/wp-json\/wp\/v2\/media\/38053"}],"wp:attachment":[{"href":"https:\/\/ar-instrumed.de\/fr\/wp-json\/wp\/v2\/media?parent=38011"}],"wp:term":[{"taxonomy":"product_brand","embeddable":true,"href":"https:\/\/ar-instrumed.de\/fr\/wp-json\/wp\/v2\/product_brand?post=38011"},{"taxonomy":"product_cat","embeddable":true,"href":"https:\/\/ar-instrumed.de\/fr\/wp-json\/wp\/v2\/product_cat?post=38011"},{"taxonomy":"product_tag","embeddable":true,"href":"https:\/\/ar-instrumed.de\/fr\/wp-json\/wp\/v2\/product_tag?post=38011"}],"curies":[{"name":"wp","href":"https:\/\/api.w.org\/{rel}","templated":true}]}}