{"id":38004,"date":"2025-09-04T18:36:59","date_gmt":"2025-09-04T18:36:59","guid":{"rendered":"https:\/\/ar-instrumed.de\/demo\/?post_type=product&#038;p=38004"},"modified":"2025-09-22T20:05:55","modified_gmt":"2025-09-22T20:05:55","slug":"fig-18-upper-molars-left","status":"publish","type":"product","link":"https:\/\/ar-instrumed.de\/fr\/product\/fig-18-upper-molars-left\/","title":{"rendered":"Fig.18 Molaires sup\u00e9rieures gauches"},"content":{"rendered":"<p>-Pince extracteur pour molaires sup\u00e9rieures, gauche, figure 18 -Mat\u00e9riau : Acier inoxydable m\u00e9dical de haute qualit\u00e9, r\u00e9sistant \u00e0 la corrosion -Profil de coupe (denture transversale) -L'int\u00e9rieur des m\u00e2choires du davier est dentel\u00e9 dans le sens de la longueur et de la largeur -Bord dentel\u00e9 pour un meilleur frottement<\/p>","protected":false},"excerpt":{"rendered":"<p>-Extractor forceps for upper molars, left, figure 18 -Material: High-quality, corrosion-resistant medical stainless steel -Cut-off profile (cross-toothing) -The inside of<\/p>","protected":false},"featured_media":38033,"comment_status":"open","ping_status":"closed","template":"","meta":[],"product_brand":[],"product_cat":[225,231,271],"product_tag":[],"class_list":{"0":"post-38004","1":"product","2":"type-product","3":"status-publish","4":"has-post-thumbnail","6":"product_cat-extraction","7":"product_cat-extraction-forceps","8":"product_cat-extraction-forceps-standard-handle","10":"first","11":"instock","12":"taxable","13":"shipping-taxable","14":"purchasable","15":"product-type-simple"},"_links":{"self":[{"href":"https:\/\/ar-instrumed.de\/fr\/wp-json\/wp\/v2\/product\/38004","targetHints":{"allow":["GET"]}}],"collection":[{"href":"https:\/\/ar-instrumed.de\/fr\/wp-json\/wp\/v2\/product"}],"about":[{"href":"https:\/\/ar-instrumed.de\/fr\/wp-json\/wp\/v2\/types\/product"}],"replies":[{"embeddable":true,"href":"https:\/\/ar-instrumed.de\/fr\/wp-json\/wp\/v2\/comments?post=38004"}],"version-history":[{"count":2,"href":"https:\/\/ar-instrumed.de\/fr\/wp-json\/wp\/v2\/product\/38004\/revisions"}],"predecessor-version":[{"id":55035,"href":"https:\/\/ar-instrumed.de\/fr\/wp-json\/wp\/v2\/product\/38004\/revisions\/55035"}],"wp:featuredmedia":[{"embeddable":true,"href":"https:\/\/ar-instrumed.de\/fr\/wp-json\/wp\/v2\/media\/38033"}],"wp:attachment":[{"href":"https:\/\/ar-instrumed.de\/fr\/wp-json\/wp\/v2\/media?parent=38004"}],"wp:term":[{"taxonomy":"product_brand","embeddable":true,"href":"https:\/\/ar-instrumed.de\/fr\/wp-json\/wp\/v2\/product_brand?post=38004"},{"taxonomy":"product_cat","embeddable":true,"href":"https:\/\/ar-instrumed.de\/fr\/wp-json\/wp\/v2\/product_cat?post=38004"},{"taxonomy":"product_tag","embeddable":true,"href":"https:\/\/ar-instrumed.de\/fr\/wp-json\/wp\/v2\/product_tag?post=38004"}],"curies":[{"name":"wp","href":"https:\/\/api.w.org\/{rel}","templated":true}]}}