{"id":38003,"date":"2025-09-04T18:36:58","date_gmt":"2025-09-04T18:36:58","guid":{"rendered":"https:\/\/ar-instrumed.de\/demo\/?post_type=product&#038;p=38003"},"modified":"2025-09-22T20:05:55","modified_gmt":"2025-09-22T20:05:55","slug":"fig-17-upper-molars-right","status":"publish","type":"product","link":"https:\/\/ar-instrumed.de\/fr\/product\/fig-17-upper-molars-right\/","title":{"rendered":"Fig.17 Molaires sup\u00e9rieures droites"},"content":{"rendered":"<p>-Pince extracteur pour molaires sup\u00e9rieures, droite, figure 17 -Mat\u00e9riau : Acier m\u00e9dical inoxydable de haute qualit\u00e9, r\u00e9sistant \u00e0 la corrosion -Profil de coupe (denture transversale) -Les m\u00e2choires sont dentel\u00e9es dans le sens de la longueur et de la largeur -Bord dentel\u00e9 pour une meilleure friction sur la dent -A<\/p>","protected":false},"excerpt":{"rendered":"<p>-Extractor forceps for upper molars, right, Figure 17 -Material: High-quality, corrosion-resistant medical stainless steel -Cutting profile (cross-toothing) -The jaws are<\/p>","protected":false},"featured_media":38031,"comment_status":"open","ping_status":"closed","template":"","meta":[],"product_brand":[],"product_cat":[225,231,271],"product_tag":[],"class_list":{"0":"post-38003","1":"product","2":"type-product","3":"status-publish","4":"has-post-thumbnail","6":"product_cat-extraction","7":"product_cat-extraction-forceps","8":"product_cat-extraction-forceps-standard-handle","10":"first","11":"instock","12":"taxable","13":"shipping-taxable","14":"purchasable","15":"product-type-simple"},"_links":{"self":[{"href":"https:\/\/ar-instrumed.de\/fr\/wp-json\/wp\/v2\/product\/38003","targetHints":{"allow":["GET"]}}],"collection":[{"href":"https:\/\/ar-instrumed.de\/fr\/wp-json\/wp\/v2\/product"}],"about":[{"href":"https:\/\/ar-instrumed.de\/fr\/wp-json\/wp\/v2\/types\/product"}],"replies":[{"embeddable":true,"href":"https:\/\/ar-instrumed.de\/fr\/wp-json\/wp\/v2\/comments?post=38003"}],"version-history":[{"count":2,"href":"https:\/\/ar-instrumed.de\/fr\/wp-json\/wp\/v2\/product\/38003\/revisions"}],"predecessor-version":[{"id":55034,"href":"https:\/\/ar-instrumed.de\/fr\/wp-json\/wp\/v2\/product\/38003\/revisions\/55034"}],"wp:featuredmedia":[{"embeddable":true,"href":"https:\/\/ar-instrumed.de\/fr\/wp-json\/wp\/v2\/media\/38031"}],"wp:attachment":[{"href":"https:\/\/ar-instrumed.de\/fr\/wp-json\/wp\/v2\/media?parent=38003"}],"wp:term":[{"taxonomy":"product_brand","embeddable":true,"href":"https:\/\/ar-instrumed.de\/fr\/wp-json\/wp\/v2\/product_brand?post=38003"},{"taxonomy":"product_cat","embeddable":true,"href":"https:\/\/ar-instrumed.de\/fr\/wp-json\/wp\/v2\/product_cat?post=38003"},{"taxonomy":"product_tag","embeddable":true,"href":"https:\/\/ar-instrumed.de\/fr\/wp-json\/wp\/v2\/product_tag?post=38003"}],"curies":[{"name":"wp","href":"https:\/\/api.w.org\/{rel}","templated":true}]}}