{"id":37379,"date":"2025-09-04T18:20:42","date_gmt":"2025-09-04T18:20:42","guid":{"rendered":"https:\/\/ar-instrumed.de\/demo\/?post_type=product&#038;p=37379"},"modified":"2025-09-22T20:07:34","modified_gmt":"2025-09-22T20:07:34","slug":"sinus-lift-instrument-fig-1","status":"publish","type":"product","link":"https:\/\/ar-instrumed.de\/fr\/product\/sinus-lift-instrument-fig-1\/","title":{"rendered":"Instrument de levage des sinus Fig.1"},"content":{"rendered":"<p>Instrument de soul\u00e8vement des sinus avec manche creux, de qualit\u00e9 sup\u00e9rieure Figure 1 Mat\u00e9riau : Acier inoxydable m\u00e9dical de haute qualit\u00e9, r\u00e9sistant \u00e0 la corrosion Autoclavable, st\u00e9rilisable<\/p>","protected":false},"excerpt":{"rendered":"<p>Instrument de soul\u00e8vement des sinus avec manche creux, de qualit\u00e9 sup\u00e9rieure Figure 1 Mat\u00e9riau : Acier inoxydable m\u00e9dical de haute qualit\u00e9, r\u00e9sistant \u00e0 la corrosion Autoclavable, st\u00e9rilisable<\/p>","protected":false},"featured_media":37426,"comment_status":"open","ping_status":"closed","template":"","meta":[],"product_brand":[],"product_cat":[246,261],"product_tag":[],"class_list":{"0":"post-37379","1":"product","2":"type-product","3":"status-publish","4":"has-post-thumbnail","6":"product_cat-implantology","7":"product_cat-sinus-lift-instruments","9":"first","10":"instock","11":"taxable","12":"shipping-taxable","13":"purchasable","14":"product-type-simple"},"_links":{"self":[{"href":"https:\/\/ar-instrumed.de\/fr\/wp-json\/wp\/v2\/product\/37379","targetHints":{"allow":["GET"]}}],"collection":[{"href":"https:\/\/ar-instrumed.de\/fr\/wp-json\/wp\/v2\/product"}],"about":[{"href":"https:\/\/ar-instrumed.de\/fr\/wp-json\/wp\/v2\/types\/product"}],"replies":[{"embeddable":true,"href":"https:\/\/ar-instrumed.de\/fr\/wp-json\/wp\/v2\/comments?post=37379"}],"version-history":[{"count":2,"href":"https:\/\/ar-instrumed.de\/fr\/wp-json\/wp\/v2\/product\/37379\/revisions"}],"predecessor-version":[{"id":55216,"href":"https:\/\/ar-instrumed.de\/fr\/wp-json\/wp\/v2\/product\/37379\/revisions\/55216"}],"wp:featuredmedia":[{"embeddable":true,"href":"https:\/\/ar-instrumed.de\/fr\/wp-json\/wp\/v2\/media\/37426"}],"wp:attachment":[{"href":"https:\/\/ar-instrumed.de\/fr\/wp-json\/wp\/v2\/media?parent=37379"}],"wp:term":[{"taxonomy":"product_brand","embeddable":true,"href":"https:\/\/ar-instrumed.de\/fr\/wp-json\/wp\/v2\/product_brand?post=37379"},{"taxonomy":"product_cat","embeddable":true,"href":"https:\/\/ar-instrumed.de\/fr\/wp-json\/wp\/v2\/product_cat?post=37379"},{"taxonomy":"product_tag","embeddable":true,"href":"https:\/\/ar-instrumed.de\/fr\/wp-json\/wp\/v2\/product_tag?post=37379"}],"curies":[{"name":"wp","href":"https:\/\/api.w.org\/{rel}","templated":true}]}}