{"id":37334,"date":"2025-09-04T18:19:41","date_gmt":"2025-09-04T18:19:41","guid":{"rendered":"https:\/\/ar-instrumed.de\/demo\/?post_type=product&#038;p=37334"},"modified":"2025-09-22T20:07:41","modified_gmt":"2025-09-22T20:07:41","slug":"osteotome-straight-convex-marks-10-12-14-16-18-3-7-180mm","status":"publish","type":"product","link":"https:\/\/ar-instrumed.de\/fr\/product\/osteotome-straight-convex-marks-10-12-14-16-18-3-7-180mm\/","title":{"rendered":"Ost\u00e9otome droit-convexe Marques : 1,0-1,2-1,4-1,6-1,8 3.7-180mm"},"content":{"rendered":"<p>Ost\u00e9otome avec but\u00e9e, \u00e0 pointe droite convexe (3,7 mm) Longueur 180 mm Mat\u00e9riau : Acier inoxydable m\u00e9dical de haute qualit\u00e9, r\u00e9sistant \u00e0 la corrosion Autoclavable, st\u00e9rilisable<\/p>","protected":false},"excerpt":{"rendered":"<p>Ost\u00e9otome avec but\u00e9e, \u00e0 pointe droite convexe (3,7 mm) Longueur 180 mm Mat\u00e9riau : Acier inoxydable m\u00e9dical de haute qualit\u00e9, r\u00e9sistant \u00e0 la corrosion Autoclavable, st\u00e9rilisable<\/p>","protected":false},"featured_media":37380,"comment_status":"open","ping_status":"closed","template":"","meta":[],"product_brand":[],"product_cat":[248],"product_tag":[],"class_list":{"0":"post-37334","1":"product","2":"type-product","3":"status-publish","4":"has-post-thumbnail","6":"product_cat-osteotomes","8":"first","9":"instock","10":"taxable","11":"shipping-taxable","12":"purchasable","13":"product-type-simple"},"_links":{"self":[{"href":"https:\/\/ar-instrumed.de\/fr\/wp-json\/wp\/v2\/product\/37334","targetHints":{"allow":["GET"]}}],"collection":[{"href":"https:\/\/ar-instrumed.de\/fr\/wp-json\/wp\/v2\/product"}],"about":[{"href":"https:\/\/ar-instrumed.de\/fr\/wp-json\/wp\/v2\/types\/product"}],"replies":[{"embeddable":true,"href":"https:\/\/ar-instrumed.de\/fr\/wp-json\/wp\/v2\/comments?post=37334"}],"version-history":[{"count":2,"href":"https:\/\/ar-instrumed.de\/fr\/wp-json\/wp\/v2\/product\/37334\/revisions"}],"predecessor-version":[{"id":55227,"href":"https:\/\/ar-instrumed.de\/fr\/wp-json\/wp\/v2\/product\/37334\/revisions\/55227"}],"wp:featuredmedia":[{"embeddable":true,"href":"https:\/\/ar-instrumed.de\/fr\/wp-json\/wp\/v2\/media\/37380"}],"wp:attachment":[{"href":"https:\/\/ar-instrumed.de\/fr\/wp-json\/wp\/v2\/media?parent=37334"}],"wp:term":[{"taxonomy":"product_brand","embeddable":true,"href":"https:\/\/ar-instrumed.de\/fr\/wp-json\/wp\/v2\/product_brand?post=37334"},{"taxonomy":"product_cat","embeddable":true,"href":"https:\/\/ar-instrumed.de\/fr\/wp-json\/wp\/v2\/product_cat?post=37334"},{"taxonomy":"product_tag","embeddable":true,"href":"https:\/\/ar-instrumed.de\/fr\/wp-json\/wp\/v2\/product_tag?post=37334"}],"curies":[{"name":"wp","href":"https:\/\/api.w.org\/{rel}","templated":true}]}}