{"id":37233,"date":"2025-09-04T18:15:14","date_gmt":"2025-09-04T18:15:14","guid":{"rendered":"https:\/\/ar-instrumed.de\/demo\/?post_type=product&#038;p=37233"},"modified":"2025-09-22T20:07:58","modified_gmt":"2025-09-22T20:07:58","slug":"mirror-handle-hollow-10mm-2","status":"publish","type":"product","link":"https:\/\/ar-instrumed.de\/fr\/product\/mirror-handle-hollow-10mm-2\/","title":{"rendered":"Manche de miroir creux 10mm"},"content":{"rendered":"<p>Porte-miroir de bouche manche de miroir 10 mm creux tr\u00e8s pratique, Mat\u00e9riau : Acier inoxydable m\u00e9dical de haute qualit\u00e9, r\u00e9sistant \u00e0 la corrosion Autoclavable, st\u00e9rilisable<\/p>","protected":false},"excerpt":{"rendered":"<p>Porte-miroir de bouche manche de miroir 10 mm creux tr\u00e8s pratique, Mat\u00e9riau : Acier inoxydable m\u00e9dical de haute qualit\u00e9, r\u00e9sistant \u00e0 la corrosion Autoclavable, st\u00e9rilisable<\/p>","protected":false},"featured_media":37289,"comment_status":"open","ping_status":"closed","template":"","meta":[],"product_brand":[],"product_cat":[242,276],"product_tag":[],"class_list":{"0":"post-37233","1":"product","2":"type-product","3":"status-publish","4":"has-post-thumbnail","6":"product_cat-diagnostic","7":"product_cat-mouth-mirror-handle","9":"first","10":"instock","11":"taxable","12":"shipping-taxable","13":"purchasable","14":"product-type-simple"},"_links":{"self":[{"href":"https:\/\/ar-instrumed.de\/fr\/wp-json\/wp\/v2\/product\/37233","targetHints":{"allow":["GET"]}}],"collection":[{"href":"https:\/\/ar-instrumed.de\/fr\/wp-json\/wp\/v2\/product"}],"about":[{"href":"https:\/\/ar-instrumed.de\/fr\/wp-json\/wp\/v2\/types\/product"}],"replies":[{"embeddable":true,"href":"https:\/\/ar-instrumed.de\/fr\/wp-json\/wp\/v2\/comments?post=37233"}],"version-history":[{"count":2,"href":"https:\/\/ar-instrumed.de\/fr\/wp-json\/wp\/v2\/product\/37233\/revisions"}],"predecessor-version":[{"id":55258,"href":"https:\/\/ar-instrumed.de\/fr\/wp-json\/wp\/v2\/product\/37233\/revisions\/55258"}],"wp:featuredmedia":[{"embeddable":true,"href":"https:\/\/ar-instrumed.de\/fr\/wp-json\/wp\/v2\/media\/37289"}],"wp:attachment":[{"href":"https:\/\/ar-instrumed.de\/fr\/wp-json\/wp\/v2\/media?parent=37233"}],"wp:term":[{"taxonomy":"product_brand","embeddable":true,"href":"https:\/\/ar-instrumed.de\/fr\/wp-json\/wp\/v2\/product_brand?post=37233"},{"taxonomy":"product_cat","embeddable":true,"href":"https:\/\/ar-instrumed.de\/fr\/wp-json\/wp\/v2\/product_cat?post=37233"},{"taxonomy":"product_tag","embeddable":true,"href":"https:\/\/ar-instrumed.de\/fr\/wp-json\/wp\/v2\/product_tag?post=37233"}],"curies":[{"name":"wp","href":"https:\/\/api.w.org\/{rel}","templated":true}]}}