{"id":37178,"date":"2025-09-04T18:13:39","date_gmt":"2025-09-04T18:13:39","guid":{"rendered":"https:\/\/ar-instrumed.de\/demo\/?post_type=product&#038;p=37178"},"modified":"2025-09-22T20:07:59","modified_gmt":"2025-09-22T20:07:59","slug":"prichard-elevator-10mm-4-5mm-19cm","status":"publish","type":"product","link":"https:\/\/ar-instrumed.de\/fr\/product\/prichard-elevator-10mm-4-5mm-19cm\/","title":{"rendered":"El\u00e9vateur Prichard 10mm\/4.5mm 19cm"},"content":{"rendered":"<p>\u00c9l\u00e9vateur p\u00e9riost\u00e9 de Prichard 10 mm Creux tr\u00e8s maniable, \u00e0 double extr\u00e9mit\u00e9 Mat\u00e9riau : Acier inoxydable m\u00e9dical de haute qualit\u00e9, r\u00e9sistant \u00e0 la corrosion Autoclavable, st\u00e9rilisable<\/p>","protected":false},"excerpt":{"rendered":"<p>\u00c9l\u00e9vateur p\u00e9riost\u00e9 de Prichard 10 mm Creux tr\u00e8s maniable, \u00e0 double extr\u00e9mit\u00e9 Mat\u00e9riau : Acier inoxydable m\u00e9dical de haute qualit\u00e9, r\u00e9sistant \u00e0 la corrosion Autoclavable, st\u00e9rilisable<\/p>","protected":false},"featured_media":37238,"comment_status":"open","ping_status":"closed","template":"","meta":[],"product_brand":[],"product_cat":[246,262],"product_tag":[],"class_list":{"0":"post-37178","1":"product","2":"type-product","3":"status-publish","4":"has-post-thumbnail","6":"product_cat-implantology","7":"product_cat-periosteal-elevator","9":"first","10":"instock","11":"taxable","12":"shipping-taxable","13":"purchasable","14":"product-type-simple"},"_links":{"self":[{"href":"https:\/\/ar-instrumed.de\/fr\/wp-json\/wp\/v2\/product\/37178","targetHints":{"allow":["GET"]}}],"collection":[{"href":"https:\/\/ar-instrumed.de\/fr\/wp-json\/wp\/v2\/product"}],"about":[{"href":"https:\/\/ar-instrumed.de\/fr\/wp-json\/wp\/v2\/types\/product"}],"replies":[{"embeddable":true,"href":"https:\/\/ar-instrumed.de\/fr\/wp-json\/wp\/v2\/comments?post=37178"}],"version-history":[{"count":2,"href":"https:\/\/ar-instrumed.de\/fr\/wp-json\/wp\/v2\/product\/37178\/revisions"}],"predecessor-version":[{"id":55265,"href":"https:\/\/ar-instrumed.de\/fr\/wp-json\/wp\/v2\/product\/37178\/revisions\/55265"}],"wp:featuredmedia":[{"embeddable":true,"href":"https:\/\/ar-instrumed.de\/fr\/wp-json\/wp\/v2\/media\/37238"}],"wp:attachment":[{"href":"https:\/\/ar-instrumed.de\/fr\/wp-json\/wp\/v2\/media?parent=37178"}],"wp:term":[{"taxonomy":"product_brand","embeddable":true,"href":"https:\/\/ar-instrumed.de\/fr\/wp-json\/wp\/v2\/product_brand?post=37178"},{"taxonomy":"product_cat","embeddable":true,"href":"https:\/\/ar-instrumed.de\/fr\/wp-json\/wp\/v2\/product_cat?post=37178"},{"taxonomy":"product_tag","embeddable":true,"href":"https:\/\/ar-instrumed.de\/fr\/wp-json\/wp\/v2\/product_tag?post=37178"}],"curies":[{"name":"wp","href":"https:\/\/api.w.org\/{rel}","templated":true}]}}