{"id":37111,"date":"2025-09-04T18:12:14","date_gmt":"2025-09-04T18:12:14","guid":{"rendered":"https:\/\/ar-instrumed.de\/demo\/?post_type=product&#038;p=37111"},"modified":"2025-09-22T20:08:24","modified_gmt":"2025-09-22T20:08:24","slug":"instrument-tray-20x15x2cm","status":"publish","type":"product","link":"https:\/\/ar-instrumed.de\/fr\/product\/instrument-tray-20x15x2cm\/","title":{"rendered":"Plateau \u00e0 instruments 20x15x2cm"},"content":{"rendered":"<p>Plateau en acier inoxydable (plateau pour instruments) Dimensions : environ 20 x 15 x 2 cm Mat\u00e9riau : acier inoxydable m\u00e9dical de haute qualit\u00e9, r\u00e9sistant \u00e0 la corrosion Autoclavable, st\u00e9rilisable Acier inoxydable m\u00e9dical de haute qualit\u00e9, r\u00e9sistant \u00e0 la corrosion Autoclavable, st\u00e9rilisable<\/p>","protected":false},"excerpt":{"rendered":"<p>Tray, stainless steel (instrument tray) Size approx. 20 x 15 x 2 cm Material: High-quality medical stainless steel, corrosion-resistant Autoclavable,<\/p>","protected":false},"featured_media":37176,"comment_status":"open","ping_status":"closed","template":"","meta":[],"product_brand":[],"product_cat":[238],"product_tag":[],"class_list":{"0":"post-37111","1":"product","2":"type-product","3":"status-publish","4":"has-post-thumbnail","6":"product_cat-sterilisation-tray-bowl","8":"first","9":"instock","10":"taxable","11":"shipping-taxable","12":"purchasable","13":"product-type-simple"},"_links":{"self":[{"href":"https:\/\/ar-instrumed.de\/fr\/wp-json\/wp\/v2\/product\/37111","targetHints":{"allow":["GET"]}}],"collection":[{"href":"https:\/\/ar-instrumed.de\/fr\/wp-json\/wp\/v2\/product"}],"about":[{"href":"https:\/\/ar-instrumed.de\/fr\/wp-json\/wp\/v2\/types\/product"}],"replies":[{"embeddable":true,"href":"https:\/\/ar-instrumed.de\/fr\/wp-json\/wp\/v2\/comments?post=37111"}],"version-history":[{"count":2,"href":"https:\/\/ar-instrumed.de\/fr\/wp-json\/wp\/v2\/product\/37111\/revisions"}],"predecessor-version":[{"id":55284,"href":"https:\/\/ar-instrumed.de\/fr\/wp-json\/wp\/v2\/product\/37111\/revisions\/55284"}],"wp:featuredmedia":[{"embeddable":true,"href":"https:\/\/ar-instrumed.de\/fr\/wp-json\/wp\/v2\/media\/37176"}],"wp:attachment":[{"href":"https:\/\/ar-instrumed.de\/fr\/wp-json\/wp\/v2\/media?parent=37111"}],"wp:term":[{"taxonomy":"product_brand","embeddable":true,"href":"https:\/\/ar-instrumed.de\/fr\/wp-json\/wp\/v2\/product_brand?post=37111"},{"taxonomy":"product_cat","embeddable":true,"href":"https:\/\/ar-instrumed.de\/fr\/wp-json\/wp\/v2\/product_cat?post=37111"},{"taxonomy":"product_tag","embeddable":true,"href":"https:\/\/ar-instrumed.de\/fr\/wp-json\/wp\/v2\/product_tag?post=37111"}],"curies":[{"name":"wp","href":"https:\/\/api.w.org\/{rel}","templated":true}]}}