{"id":37076,"date":"2025-09-04T18:11:20","date_gmt":"2025-09-04T18:11:20","guid":{"rendered":"https:\/\/ar-instrumed.de\/demo\/?post_type=product&#038;p=37076"},"modified":"2025-09-22T20:18:10","modified_gmt":"2025-09-22T20:18:10","slug":"root-elevator-fig-3-bayonet-mesial-4mm","status":"publish","type":"product","link":"https:\/\/ar-instrumed.de\/fr\/product\/root-elevator-fig-3-bayonet-mesial-4mm\/","title":{"rendered":"\u00c9l\u00e9vateur de racine Fig.3 Ba\u00efonnette m\u00e9siale 4 mm"},"content":{"rendered":"<table border=\"0\" cellpadding=\"0\" cellspacing=\"0\" width=\"571\" style=\"width: 428pt;\">\n<tbody>\n<tr height=\"13\" style=\"mso-height-source:userset;height:10.0pt\">\n<td height=\"13\" class=\"xl67\" width=\"571\" style=\"height:10.0pt;width:428pt\">\u00c9l\u00e9vateur de racine Fig.3 Ba\u00efonnette m\u00e9siale 4 mm<\/td>\n<\/tr>\n<\/tbody>\n<\/table>","protected":false},"excerpt":{"rendered":"<p>\u00c9l\u00e9vateur de racine Fig.3 Ba\u00efonnette m\u00e9siale 4 mm<\/p>","protected":false},"featured_media":37150,"comment_status":"open","ping_status":"closed","template":"","meta":[],"product_brand":[],"product_cat":[225,234],"product_tag":[],"class_list":{"0":"post-37076","1":"product","2":"type-product","3":"status-publish","4":"has-post-thumbnail","6":"product_cat-extraction","7":"product_cat-root-elevators","9":"first","10":"instock","11":"taxable","12":"shipping-taxable","13":"purchasable","14":"product-type-simple"},"_links":{"self":[{"href":"https:\/\/ar-instrumed.de\/fr\/wp-json\/wp\/v2\/product\/37076","targetHints":{"allow":["GET"]}}],"collection":[{"href":"https:\/\/ar-instrumed.de\/fr\/wp-json\/wp\/v2\/product"}],"about":[{"href":"https:\/\/ar-instrumed.de\/fr\/wp-json\/wp\/v2\/types\/product"}],"replies":[{"embeddable":true,"href":"https:\/\/ar-instrumed.de\/fr\/wp-json\/wp\/v2\/comments?post=37076"}],"version-history":[{"count":2,"href":"https:\/\/ar-instrumed.de\/fr\/wp-json\/wp\/v2\/product\/37076\/revisions"}],"predecessor-version":[{"id":56096,"href":"https:\/\/ar-instrumed.de\/fr\/wp-json\/wp\/v2\/product\/37076\/revisions\/56096"}],"wp:featuredmedia":[{"embeddable":true,"href":"https:\/\/ar-instrumed.de\/fr\/wp-json\/wp\/v2\/media\/37150"}],"wp:attachment":[{"href":"https:\/\/ar-instrumed.de\/fr\/wp-json\/wp\/v2\/media?parent=37076"}],"wp:term":[{"taxonomy":"product_brand","embeddable":true,"href":"https:\/\/ar-instrumed.de\/fr\/wp-json\/wp\/v2\/product_brand?post=37076"},{"taxonomy":"product_cat","embeddable":true,"href":"https:\/\/ar-instrumed.de\/fr\/wp-json\/wp\/v2\/product_cat?post=37076"},{"taxonomy":"product_tag","embeddable":true,"href":"https:\/\/ar-instrumed.de\/fr\/wp-json\/wp\/v2\/product_tag?post=37076"}],"curies":[{"name":"wp","href":"https:\/\/api.w.org\/{rel}","templated":true}]}}