{"id":37060,"date":"2025-09-04T18:10:54","date_gmt":"2025-09-04T18:10:54","guid":{"rendered":"https:\/\/ar-instrumed.de\/demo\/?post_type=product&#038;p=37060"},"modified":"2026-02-17T08:00:20","modified_gmt":"2026-02-17T08:00:20","slug":"root-elevator-fig-3-bayonet-distal-4mm","status":"publish","type":"product","link":"https:\/\/ar-instrumed.de\/fr\/product\/root-elevator-fig-3-bayonet-distal-4mm\/","title":{"rendered":"\u00c9l\u00e9vateur de racine Fig.3 Ba\u00efonnette distale 4 mm"},"content":{"rendered":"<table border=\"0\" cellpadding=\"0\" cellspacing=\"0\" width=\"571\" style=\"width: 428pt;\">\n<tbody>\n<tr height=\"13\" style=\"mso-height-source:userset;height:10.0pt\">\n<td height=\"13\" class=\"xl67\" width=\"571\" style=\"height:10.0pt;width:428pt\">\u00c9l\u00e9vateur de racine Fig.3 Ba\u00efonnette distale 4 mm<\/td>\n<\/tr>\n<\/tbody>\n<\/table>","protected":false},"excerpt":{"rendered":"<p>\u00c9l\u00e9vateur de racine Fig.3 Ba\u00efonnette distale 4 mm<\/p>","protected":false},"featured_media":37126,"comment_status":"open","ping_status":"closed","template":"","meta":[],"product_brand":[],"product_cat":[225,234],"product_tag":[],"class_list":{"0":"post-37060","1":"product","2":"type-product","3":"status-publish","4":"has-post-thumbnail","6":"product_cat-extraction","7":"product_cat-root-elevators","9":"first","10":"instock","11":"taxable","12":"shipping-taxable","13":"purchasable","14":"product-type-simple"},"_links":{"self":[{"href":"https:\/\/ar-instrumed.de\/fr\/wp-json\/wp\/v2\/product\/37060","targetHints":{"allow":["GET"]}}],"collection":[{"href":"https:\/\/ar-instrumed.de\/fr\/wp-json\/wp\/v2\/product"}],"about":[{"href":"https:\/\/ar-instrumed.de\/fr\/wp-json\/wp\/v2\/types\/product"}],"replies":[{"embeddable":true,"href":"https:\/\/ar-instrumed.de\/fr\/wp-json\/wp\/v2\/comments?post=37060"}],"version-history":[{"count":2,"href":"https:\/\/ar-instrumed.de\/fr\/wp-json\/wp\/v2\/product\/37060\/revisions"}],"predecessor-version":[{"id":56091,"href":"https:\/\/ar-instrumed.de\/fr\/wp-json\/wp\/v2\/product\/37060\/revisions\/56091"}],"wp:featuredmedia":[{"embeddable":true,"href":"https:\/\/ar-instrumed.de\/fr\/wp-json\/wp\/v2\/media\/37126"}],"wp:attachment":[{"href":"https:\/\/ar-instrumed.de\/fr\/wp-json\/wp\/v2\/media?parent=37060"}],"wp:term":[{"taxonomy":"product_brand","embeddable":true,"href":"https:\/\/ar-instrumed.de\/fr\/wp-json\/wp\/v2\/product_brand?post=37060"},{"taxonomy":"product_cat","embeddable":true,"href":"https:\/\/ar-instrumed.de\/fr\/wp-json\/wp\/v2\/product_cat?post=37060"},{"taxonomy":"product_tag","embeddable":true,"href":"https:\/\/ar-instrumed.de\/fr\/wp-json\/wp\/v2\/product_tag?post=37060"}],"curies":[{"name":"wp","href":"https:\/\/api.w.org\/{rel}","templated":true}]}}