{"id":37022,"date":"2025-09-04T18:10:04","date_gmt":"2025-09-04T18:10:04","guid":{"rendered":"https:\/\/ar-instrumed.de\/demo\/?post_type=product&#038;p=37022"},"modified":"2025-09-22T20:08:28","modified_gmt":"2025-09-22T20:08:28","slug":"endo-box-round-7cm-x-5cm","status":"publish","type":"product","link":"https:\/\/ar-instrumed.de\/fr\/product\/endo-box-round-7cm-x-5cm\/","title":{"rendered":"Bo\u00eete Endo Ronde 7cm x 5cm"},"content":{"rendered":"<p>Bo\u00eete d'endodontie ronde L x H 7 cm x 5 cm <\/p>\n<div>Mat\u00e9riau : Acier inoxydable m\u00e9dical de haute qualit\u00e9, r\u00e9sistant \u00e0 la corrosion, autoclavable, st\u00e9rilisable<\/div>","protected":false},"excerpt":{"rendered":"<p class=\"translation-block\">Endodontic Box Round W x H 7 cm x 5 cm <div>Material: High-quality medical stainless steel, corrosion-resistant, autoclavable, sterilizable<\/div><\/p>","protected":false},"featured_media":37082,"comment_status":"open","ping_status":"closed","template":"","meta":[],"product_brand":[],"product_cat":[238],"product_tag":[],"class_list":{"0":"post-37022","1":"product","2":"type-product","3":"status-publish","4":"has-post-thumbnail","6":"product_cat-sterilisation-tray-bowl","8":"first","9":"instock","10":"taxable","11":"shipping-taxable","12":"purchasable","13":"product-type-simple"},"_links":{"self":[{"href":"https:\/\/ar-instrumed.de\/fr\/wp-json\/wp\/v2\/product\/37022","targetHints":{"allow":["GET"]}}],"collection":[{"href":"https:\/\/ar-instrumed.de\/fr\/wp-json\/wp\/v2\/product"}],"about":[{"href":"https:\/\/ar-instrumed.de\/fr\/wp-json\/wp\/v2\/types\/product"}],"replies":[{"embeddable":true,"href":"https:\/\/ar-instrumed.de\/fr\/wp-json\/wp\/v2\/comments?post=37022"}],"version-history":[{"count":2,"href":"https:\/\/ar-instrumed.de\/fr\/wp-json\/wp\/v2\/product\/37022\/revisions"}],"predecessor-version":[{"id":55288,"href":"https:\/\/ar-instrumed.de\/fr\/wp-json\/wp\/v2\/product\/37022\/revisions\/55288"}],"wp:featuredmedia":[{"embeddable":true,"href":"https:\/\/ar-instrumed.de\/fr\/wp-json\/wp\/v2\/media\/37082"}],"wp:attachment":[{"href":"https:\/\/ar-instrumed.de\/fr\/wp-json\/wp\/v2\/media?parent=37022"}],"wp:term":[{"taxonomy":"product_brand","embeddable":true,"href":"https:\/\/ar-instrumed.de\/fr\/wp-json\/wp\/v2\/product_brand?post=37022"},{"taxonomy":"product_cat","embeddable":true,"href":"https:\/\/ar-instrumed.de\/fr\/wp-json\/wp\/v2\/product_cat?post=37022"},{"taxonomy":"product_tag","embeddable":true,"href":"https:\/\/ar-instrumed.de\/fr\/wp-json\/wp\/v2\/product_tag?post=37022"}],"curies":[{"name":"wp","href":"https:\/\/api.w.org\/{rel}","templated":true}]}}