{"id":36947,"date":"2025-09-04T18:07:36","date_gmt":"2025-09-04T18:07:36","guid":{"rendered":"https:\/\/ar-instrumed.de\/demo\/?post_type=product&#038;p=36947"},"modified":"2025-09-22T20:08:38","modified_gmt":"2025-09-22T20:08:38","slug":"impression-trays-perforated-lower-jaw-fig-2-medium-3","status":"publish","type":"product","link":"https:\/\/ar-instrumed.de\/fr\/product\/impression-trays-perforated-lower-jaw-fig-2-medium-3\/","title":{"rendered":"Porte-empreintes M\u00e2choire inf\u00e9rieure perfor\u00e9e Fig.2 Moyen"},"content":{"rendered":"<p>Porte-empreinte perfor\u00e9 UK figure 2 medium sans soudure facile \u00e0 nettoyer acier inoxydable finition satin\u00e9e Mat\u00e9riau : acier inoxydable m\u00e9dical de haute qualit\u00e9, r\u00e9sistant \u00e0 la corrosion.<\/p>","protected":false},"excerpt":{"rendered":"<p>Impression tray perforated UK figure 2 medium no weld seam easy to clean stainless steel satin finish Material: high-quality medical<\/p>","protected":false},"featured_media":37006,"comment_status":"open","ping_status":"closed","template":"","meta":[],"product_brand":[],"product_cat":[255],"product_tag":[],"class_list":{"0":"post-36947","1":"product","2":"type-product","3":"status-publish","4":"has-post-thumbnail","6":"product_cat-impression-trays","8":"first","9":"instock","10":"taxable","11":"shipping-taxable","12":"purchasable","13":"product-type-simple"},"_links":{"self":[{"href":"https:\/\/ar-instrumed.de\/fr\/wp-json\/wp\/v2\/product\/36947","targetHints":{"allow":["GET"]}}],"collection":[{"href":"https:\/\/ar-instrumed.de\/fr\/wp-json\/wp\/v2\/product"}],"about":[{"href":"https:\/\/ar-instrumed.de\/fr\/wp-json\/wp\/v2\/types\/product"}],"replies":[{"embeddable":true,"href":"https:\/\/ar-instrumed.de\/fr\/wp-json\/wp\/v2\/comments?post=36947"}],"version-history":[{"count":2,"href":"https:\/\/ar-instrumed.de\/fr\/wp-json\/wp\/v2\/product\/36947\/revisions"}],"predecessor-version":[{"id":55311,"href":"https:\/\/ar-instrumed.de\/fr\/wp-json\/wp\/v2\/product\/36947\/revisions\/55311"}],"wp:featuredmedia":[{"embeddable":true,"href":"https:\/\/ar-instrumed.de\/fr\/wp-json\/wp\/v2\/media\/37006"}],"wp:attachment":[{"href":"https:\/\/ar-instrumed.de\/fr\/wp-json\/wp\/v2\/media?parent=36947"}],"wp:term":[{"taxonomy":"product_brand","embeddable":true,"href":"https:\/\/ar-instrumed.de\/fr\/wp-json\/wp\/v2\/product_brand?post=36947"},{"taxonomy":"product_cat","embeddable":true,"href":"https:\/\/ar-instrumed.de\/fr\/wp-json\/wp\/v2\/product_cat?post=36947"},{"taxonomy":"product_tag","embeddable":true,"href":"https:\/\/ar-instrumed.de\/fr\/wp-json\/wp\/v2\/product_tag?post=36947"}],"curies":[{"name":"wp","href":"https:\/\/api.w.org\/{rel}","templated":true}]}}