{"id":36821,"date":"2025-09-04T18:04:20","date_gmt":"2025-09-04T18:04:20","guid":{"rendered":"https:\/\/ar-instrumed.de\/demo\/?post_type=product&#038;p=36821"},"modified":"2025-09-22T20:08:59","modified_gmt":"2025-09-22T20:08:59","slug":"impression-trays-set-of-6-full-denture-perforated-s-m-l-upper-lower","status":"publish","type":"product","link":"https:\/\/ar-instrumed.de\/fr\/product\/impression-trays-set-of-6-full-denture-perforated-s-m-l-upper-lower\/","title":{"rendered":"Porte-empreintes Jeu de 6 porte-empreintes pour proth\u00e8ses dentaires compl\u00e8tes perfor\u00e9es S-M-L sup\u00e9rieur\/inf\u00e9rieur"},"content":{"rendered":"<p>Porte-empreintes jeu de 6 pi\u00e8ces Perfor\u00e9 S-M-L UK \/ OK Pas de soudure Facile \u00e0 nettoyer Acier inoxydable r\u00e9sistant \u00e0 la corrosion Finition satin\u00e9e Mat\u00e9riau : Acier inoxydable m\u00e9dical de haute qualit\u00e9, r\u00e9sistant \u00e0 la corrosion.<\/p>","protected":false},"excerpt":{"rendered":"<p>Impression trays set of 6 pieces Perforated S-M-L UK \/ OK No welded seam Easy to clean Rust-proof stainless steel<\/p>","protected":false},"featured_media":36894,"comment_status":"open","ping_status":"closed","template":"","meta":[],"product_brand":[],"product_cat":[224,255],"product_tag":[],"class_list":{"0":"post-36821","1":"product","2":"type-product","3":"status-publish","4":"has-post-thumbnail","6":"product_cat-instruments-set","7":"product_cat-impression-trays","9":"first","10":"instock","11":"taxable","12":"shipping-taxable","13":"purchasable","14":"product-type-simple"},"_links":{"self":[{"href":"https:\/\/ar-instrumed.de\/fr\/wp-json\/wp\/v2\/product\/36821","targetHints":{"allow":["GET"]}}],"collection":[{"href":"https:\/\/ar-instrumed.de\/fr\/wp-json\/wp\/v2\/product"}],"about":[{"href":"https:\/\/ar-instrumed.de\/fr\/wp-json\/wp\/v2\/types\/product"}],"replies":[{"embeddable":true,"href":"https:\/\/ar-instrumed.de\/fr\/wp-json\/wp\/v2\/comments?post=36821"}],"version-history":[{"count":2,"href":"https:\/\/ar-instrumed.de\/fr\/wp-json\/wp\/v2\/product\/36821\/revisions"}],"predecessor-version":[{"id":55348,"href":"https:\/\/ar-instrumed.de\/fr\/wp-json\/wp\/v2\/product\/36821\/revisions\/55348"}],"wp:featuredmedia":[{"embeddable":true,"href":"https:\/\/ar-instrumed.de\/fr\/wp-json\/wp\/v2\/media\/36894"}],"wp:attachment":[{"href":"https:\/\/ar-instrumed.de\/fr\/wp-json\/wp\/v2\/media?parent=36821"}],"wp:term":[{"taxonomy":"product_brand","embeddable":true,"href":"https:\/\/ar-instrumed.de\/fr\/wp-json\/wp\/v2\/product_brand?post=36821"},{"taxonomy":"product_cat","embeddable":true,"href":"https:\/\/ar-instrumed.de\/fr\/wp-json\/wp\/v2\/product_cat?post=36821"},{"taxonomy":"product_tag","embeddable":true,"href":"https:\/\/ar-instrumed.de\/fr\/wp-json\/wp\/v2\/product_tag?post=36821"}],"curies":[{"name":"wp","href":"https:\/\/api.w.org\/{rel}","templated":true}]}}