{"id":36815,"date":"2025-09-04T18:03:52","date_gmt":"2025-09-04T18:03:52","guid":{"rendered":"https:\/\/ar-instrumed.de\/demo\/?post_type=product&#038;p=36815"},"modified":"2025-09-22T20:09:00","modified_gmt":"2025-09-22T20:09:00","slug":"5pcs-sterilization-tray-182x72x34cm","status":"publish","type":"product","link":"https:\/\/ar-instrumed.de\/fr\/product\/5pcs-sterilization-tray-182x72x34cm\/","title":{"rendered":"5Pcs Plateau de st\u00e9rilisation 182x72x34cm"},"content":{"rendered":"<p>Plateaux en acier inoxydable 18,5 x 8,8 x 2 cm LxLxH (porte-cassettes) pour 5 pi\u00e8ces avec inserts en silicone rempla\u00e7ables - bleus, facilement r\u00e9glables Mat\u00e9riau : Acier inoxydable m\u00e9dical de haute qualit\u00e9, r\u00e9sistant \u00e0 la corrosion Autoclavable<\/p>","protected":false},"excerpt":{"rendered":"<p>Stainless steel trays 18.5 x 8.8 x 2 cm LxWxH (cassette holder) for 5 pieces with replaceable silicone inserts &#8211;<\/p>","protected":false},"featured_media":36890,"comment_status":"open","ping_status":"closed","template":"","meta":[],"product_brand":[],"product_cat":[238],"product_tag":[],"class_list":{"0":"post-36815","1":"product","2":"type-product","3":"status-publish","4":"has-post-thumbnail","6":"product_cat-sterilisation-tray-bowl","8":"first","9":"instock","10":"taxable","11":"shipping-taxable","12":"purchasable","13":"product-type-simple"},"_links":{"self":[{"href":"https:\/\/ar-instrumed.de\/fr\/wp-json\/wp\/v2\/product\/36815","targetHints":{"allow":["GET"]}}],"collection":[{"href":"https:\/\/ar-instrumed.de\/fr\/wp-json\/wp\/v2\/product"}],"about":[{"href":"https:\/\/ar-instrumed.de\/fr\/wp-json\/wp\/v2\/types\/product"}],"replies":[{"embeddable":true,"href":"https:\/\/ar-instrumed.de\/fr\/wp-json\/wp\/v2\/comments?post=36815"}],"version-history":[{"count":2,"href":"https:\/\/ar-instrumed.de\/fr\/wp-json\/wp\/v2\/product\/36815\/revisions"}],"predecessor-version":[{"id":55351,"href":"https:\/\/ar-instrumed.de\/fr\/wp-json\/wp\/v2\/product\/36815\/revisions\/55351"}],"wp:featuredmedia":[{"embeddable":true,"href":"https:\/\/ar-instrumed.de\/fr\/wp-json\/wp\/v2\/media\/36890"}],"wp:attachment":[{"href":"https:\/\/ar-instrumed.de\/fr\/wp-json\/wp\/v2\/media?parent=36815"}],"wp:term":[{"taxonomy":"product_brand","embeddable":true,"href":"https:\/\/ar-instrumed.de\/fr\/wp-json\/wp\/v2\/product_brand?post=36815"},{"taxonomy":"product_cat","embeddable":true,"href":"https:\/\/ar-instrumed.de\/fr\/wp-json\/wp\/v2\/product_cat?post=36815"},{"taxonomy":"product_tag","embeddable":true,"href":"https:\/\/ar-instrumed.de\/fr\/wp-json\/wp\/v2\/product_tag?post=36815"}],"curies":[{"name":"wp","href":"https:\/\/api.w.org\/{rel}","templated":true}]}}