{"id":36814,"date":"2025-09-04T18:03:48","date_gmt":"2025-09-04T18:03:48","guid":{"rendered":"https:\/\/ar-instrumed.de\/demo\/?post_type=product&#038;p=36814"},"modified":"2025-09-22T20:09:00","modified_gmt":"2025-09-22T20:09:00","slug":"plaster-cutting-scissor-17cm","status":"publish","type":"product","link":"https:\/\/ar-instrumed.de\/fr\/product\/plaster-cutting-scissor-17cm\/","title":{"rendered":"Ciseaux \u00e0 d\u00e9couper le pl\u00e2tre 17cm"},"content":{"rendered":"<p>Pince \u00e0 d\u00e9couper le pl\u00e2tre Mat\u00e9riau : Acier inoxydable m\u00e9dical de haute qualit\u00e9, r\u00e9sistant \u00e0 la corrosion Conception solide tr\u00e8s pratique Autoclavable<\/p>","protected":false},"excerpt":{"rendered":"<p>Pince \u00e0 d\u00e9couper le pl\u00e2tre Mat\u00e9riau : Acier inoxydable m\u00e9dical de haute qualit\u00e9, r\u00e9sistant \u00e0 la corrosion Conception solide tr\u00e8s pratique Autoclavable<\/p>","protected":false},"featured_media":36880,"comment_status":"open","ping_status":"closed","template":"","meta":[],"product_brand":[],"product_cat":[258],"product_tag":[],"class_list":{"0":"post-36814","1":"product","2":"type-product","3":"status-publish","4":"has-post-thumbnail","6":"product_cat-laboratory-instruments","8":"first","9":"instock","10":"taxable","11":"shipping-taxable","12":"purchasable","13":"product-type-simple"},"_links":{"self":[{"href":"https:\/\/ar-instrumed.de\/fr\/wp-json\/wp\/v2\/product\/36814","targetHints":{"allow":["GET"]}}],"collection":[{"href":"https:\/\/ar-instrumed.de\/fr\/wp-json\/wp\/v2\/product"}],"about":[{"href":"https:\/\/ar-instrumed.de\/fr\/wp-json\/wp\/v2\/types\/product"}],"replies":[{"embeddable":true,"href":"https:\/\/ar-instrumed.de\/fr\/wp-json\/wp\/v2\/comments?post=36814"}],"version-history":[{"count":2,"href":"https:\/\/ar-instrumed.de\/fr\/wp-json\/wp\/v2\/product\/36814\/revisions"}],"predecessor-version":[{"id":55352,"href":"https:\/\/ar-instrumed.de\/fr\/wp-json\/wp\/v2\/product\/36814\/revisions\/55352"}],"wp:featuredmedia":[{"embeddable":true,"href":"https:\/\/ar-instrumed.de\/fr\/wp-json\/wp\/v2\/media\/36880"}],"wp:attachment":[{"href":"https:\/\/ar-instrumed.de\/fr\/wp-json\/wp\/v2\/media?parent=36814"}],"wp:term":[{"taxonomy":"product_brand","embeddable":true,"href":"https:\/\/ar-instrumed.de\/fr\/wp-json\/wp\/v2\/product_brand?post=36814"},{"taxonomy":"product_cat","embeddable":true,"href":"https:\/\/ar-instrumed.de\/fr\/wp-json\/wp\/v2\/product_cat?post=36814"},{"taxonomy":"product_tag","embeddable":true,"href":"https:\/\/ar-instrumed.de\/fr\/wp-json\/wp\/v2\/product_tag?post=36814"}],"curies":[{"name":"wp","href":"https:\/\/api.w.org\/{rel}","templated":true}]}}