{"id":36806,"date":"2025-09-04T18:03:16","date_gmt":"2025-09-04T18:03:16","guid":{"rendered":"https:\/\/ar-instrumed.de\/demo\/?post_type=product&#038;p=36806"},"modified":"2025-09-22T20:09:00","modified_gmt":"2025-09-22T20:09:00","slug":"bee-bee-angled-16cm","status":"publish","type":"product","link":"https:\/\/ar-instrumed.de\/fr\/product\/bee-bee-angled-16cm\/","title":{"rendered":"Bee Bee Angled 16cm"},"content":{"rendered":"<p>Ciseaux \u00e0 abeilles Universal TC (TC = inserts en carbure de tungst\u00e8ne, m\u00e9tal dur) Inserts en m\u00e9tal dur - cet instrument de haute qualit\u00e9 garantit une longue dur\u00e9e de vie Longueur 16cm Poign\u00e9es plaqu\u00e9es or Mat\u00e9riau : Acier inoxydable m\u00e9dical de haute qualit\u00e9, r\u00e9sistant \u00e0 la corrosion Autoclavable, st\u00e9rilisable<\/p>","protected":false},"excerpt":{"rendered":"<p>Bee bee Scissors Universal TC (TC = tungsten carbide inserts, hard metal) Hard metal insert &#8211; this high-quality instrument guarantees<\/p>","protected":false},"featured_media":36876,"comment_status":"open","ping_status":"closed","template":"","meta":[],"product_brand":[],"product_cat":[227,257],"product_tag":[],"class_list":{"0":"post-36806","1":"product","2":"type-product","3":"status-publish","4":"has-post-thumbnail","6":"product_cat-surgery","7":"product_cat-scissors","9":"first","10":"instock","11":"taxable","12":"shipping-taxable","13":"purchasable","14":"product-type-simple"},"_links":{"self":[{"href":"https:\/\/ar-instrumed.de\/fr\/wp-json\/wp\/v2\/product\/36806","targetHints":{"allow":["GET"]}}],"collection":[{"href":"https:\/\/ar-instrumed.de\/fr\/wp-json\/wp\/v2\/product"}],"about":[{"href":"https:\/\/ar-instrumed.de\/fr\/wp-json\/wp\/v2\/types\/product"}],"replies":[{"embeddable":true,"href":"https:\/\/ar-instrumed.de\/fr\/wp-json\/wp\/v2\/comments?post=36806"}],"version-history":[{"count":2,"href":"https:\/\/ar-instrumed.de\/fr\/wp-json\/wp\/v2\/product\/36806\/revisions"}],"predecessor-version":[{"id":55353,"href":"https:\/\/ar-instrumed.de\/fr\/wp-json\/wp\/v2\/product\/36806\/revisions\/55353"}],"wp:featuredmedia":[{"embeddable":true,"href":"https:\/\/ar-instrumed.de\/fr\/wp-json\/wp\/v2\/media\/36876"}],"wp:attachment":[{"href":"https:\/\/ar-instrumed.de\/fr\/wp-json\/wp\/v2\/media?parent=36806"}],"wp:term":[{"taxonomy":"product_brand","embeddable":true,"href":"https:\/\/ar-instrumed.de\/fr\/wp-json\/wp\/v2\/product_brand?post=36806"},{"taxonomy":"product_cat","embeddable":true,"href":"https:\/\/ar-instrumed.de\/fr\/wp-json\/wp\/v2\/product_cat?post=36806"},{"taxonomy":"product_tag","embeddable":true,"href":"https:\/\/ar-instrumed.de\/fr\/wp-json\/wp\/v2\/product_tag?post=36806"}],"curies":[{"name":"wp","href":"https:\/\/api.w.org\/{rel}","templated":true}]}}