{"id":36672,"date":"2025-09-04T17:59:44","date_gmt":"2025-09-04T17:59:44","guid":{"rendered":"https:\/\/ar-instrumed.de\/demo\/?post_type=product&#038;p=36672"},"modified":"2025-09-22T20:09:35","modified_gmt":"2025-09-22T20:09:35","slug":"blumenthal-bone-rongeur-15cm-45","status":"publish","type":"product","link":"https:\/\/ar-instrumed.de\/fr\/product\/blumenthal-bone-rongeur-15cm-45\/","title":{"rendered":"Blumenthal Os Rongeur 15cm 45\u00b0"},"content":{"rendered":"<p>Pince de Blumenthal \u00e0 biseau creux Longueur env. 15 cm Mat\u00e9riau : Acier inoxydable m\u00e9dical de haute qualit\u00e9, r\u00e9sistant \u00e0 la corrosion Autoclavable, st\u00e9rilisable<\/p>","protected":false},"excerpt":{"rendered":"<p>Pince de Blumenthal \u00e0 biseau creux Longueur env. 15 cm Mat\u00e9riau : Acier inoxydable m\u00e9dical de haute qualit\u00e9, r\u00e9sistant \u00e0 la corrosion Autoclavable, st\u00e9rilisable<\/p>","protected":false},"featured_media":36752,"comment_status":"open","ping_status":"closed","template":"","meta":[],"product_brand":[],"product_cat":[253,225],"product_tag":[],"class_list":{"0":"post-36672","1":"product","2":"type-product","3":"status-publish","4":"has-post-thumbnail","6":"product_cat-bone-rongeurs","7":"product_cat-extraction","9":"first","10":"instock","11":"taxable","12":"shipping-taxable","13":"purchasable","14":"product-type-simple"},"_links":{"self":[{"href":"https:\/\/ar-instrumed.de\/fr\/wp-json\/wp\/v2\/product\/36672","targetHints":{"allow":["GET"]}}],"collection":[{"href":"https:\/\/ar-instrumed.de\/fr\/wp-json\/wp\/v2\/product"}],"about":[{"href":"https:\/\/ar-instrumed.de\/fr\/wp-json\/wp\/v2\/types\/product"}],"replies":[{"embeddable":true,"href":"https:\/\/ar-instrumed.de\/fr\/wp-json\/wp\/v2\/comments?post=36672"}],"version-history":[{"count":2,"href":"https:\/\/ar-instrumed.de\/fr\/wp-json\/wp\/v2\/product\/36672\/revisions"}],"predecessor-version":[{"id":55398,"href":"https:\/\/ar-instrumed.de\/fr\/wp-json\/wp\/v2\/product\/36672\/revisions\/55398"}],"wp:featuredmedia":[{"embeddable":true,"href":"https:\/\/ar-instrumed.de\/fr\/wp-json\/wp\/v2\/media\/36752"}],"wp:attachment":[{"href":"https:\/\/ar-instrumed.de\/fr\/wp-json\/wp\/v2\/media?parent=36672"}],"wp:term":[{"taxonomy":"product_brand","embeddable":true,"href":"https:\/\/ar-instrumed.de\/fr\/wp-json\/wp\/v2\/product_brand?post=36672"},{"taxonomy":"product_cat","embeddable":true,"href":"https:\/\/ar-instrumed.de\/fr\/wp-json\/wp\/v2\/product_cat?post=36672"},{"taxonomy":"product_tag","embeddable":true,"href":"https:\/\/ar-instrumed.de\/fr\/wp-json\/wp\/v2\/product_tag?post=36672"}],"curies":[{"name":"wp","href":"https:\/\/api.w.org\/{rel}","templated":true}]}}