{"id":36657,"date":"2025-09-04T17:59:19","date_gmt":"2025-09-04T17:59:19","guid":{"rendered":"https:\/\/ar-instrumed.de\/demo\/?post_type=product&#038;p=36657"},"modified":"2025-09-22T20:09:36","modified_gmt":"2025-09-22T20:09:36","slug":"micro-elevator-4-5mm","status":"publish","type":"product","link":"https:\/\/ar-instrumed.de\/fr\/product\/micro-elevator-4-5mm\/","title":{"rendered":"Micro \u00e9l\u00e9vateur 4.5mm"},"content":{"rendered":"<p>Micro Root Herber 4.5 mm Plasma Blue Longueur env. 180 mm Mat\u00e9riau : Acier inoxydable m\u00e9dical de haute qualit\u00e9, r\u00e9sistant \u00e0 la corrosion Autoclavable, st\u00e9rilisable<\/p>","protected":false},"excerpt":{"rendered":"<p>Micro Root Herber 4.5 mm Plasma Blue Longueur env. 180 mm Mat\u00e9riau : Acier inoxydable m\u00e9dical de haute qualit\u00e9, r\u00e9sistant \u00e0 la corrosion Autoclavable, st\u00e9rilisable<\/p>","protected":false},"featured_media":36734,"comment_status":"open","ping_status":"closed","template":"","meta":[],"product_brand":[],"product_cat":[234,252,265],"product_tag":[],"class_list":{"0":"post-36657","1":"product","2":"type-product","3":"status-publish","4":"has-post-thumbnail","6":"product_cat-root-elevators","7":"product_cat-micro-elevators","8":"product_cat-micro-surgery","10":"first","11":"instock","12":"taxable","13":"shipping-taxable","14":"purchasable","15":"product-type-simple"},"_links":{"self":[{"href":"https:\/\/ar-instrumed.de\/fr\/wp-json\/wp\/v2\/product\/36657","targetHints":{"allow":["GET"]}}],"collection":[{"href":"https:\/\/ar-instrumed.de\/fr\/wp-json\/wp\/v2\/product"}],"about":[{"href":"https:\/\/ar-instrumed.de\/fr\/wp-json\/wp\/v2\/types\/product"}],"replies":[{"embeddable":true,"href":"https:\/\/ar-instrumed.de\/fr\/wp-json\/wp\/v2\/comments?post=36657"}],"version-history":[{"count":2,"href":"https:\/\/ar-instrumed.de\/fr\/wp-json\/wp\/v2\/product\/36657\/revisions"}],"predecessor-version":[{"id":55401,"href":"https:\/\/ar-instrumed.de\/fr\/wp-json\/wp\/v2\/product\/36657\/revisions\/55401"}],"wp:featuredmedia":[{"embeddable":true,"href":"https:\/\/ar-instrumed.de\/fr\/wp-json\/wp\/v2\/media\/36734"}],"wp:attachment":[{"href":"https:\/\/ar-instrumed.de\/fr\/wp-json\/wp\/v2\/media?parent=36657"}],"wp:term":[{"taxonomy":"product_brand","embeddable":true,"href":"https:\/\/ar-instrumed.de\/fr\/wp-json\/wp\/v2\/product_brand?post=36657"},{"taxonomy":"product_cat","embeddable":true,"href":"https:\/\/ar-instrumed.de\/fr\/wp-json\/wp\/v2\/product_cat?post=36657"},{"taxonomy":"product_tag","embeddable":true,"href":"https:\/\/ar-instrumed.de\/fr\/wp-json\/wp\/v2\/product_tag?post=36657"}],"curies":[{"name":"wp","href":"https:\/\/api.w.org\/{rel}","templated":true}]}}