{"id":36619,"date":"2025-09-04T17:58:34","date_gmt":"2025-09-04T17:58:34","guid":{"rendered":"https:\/\/ar-instrumed.de\/demo\/?post_type=product&#038;p=36619"},"modified":"2025-09-22T20:09:52","modified_gmt":"2025-09-22T20:09:52","slug":"lower-premolars-16-5cm-2","status":"publish","type":"product","link":"https:\/\/ar-instrumed.de\/fr\/product\/lower-premolars-16-5cm-2\/","title":{"rendered":"Pr\u00e9molaires inf\u00e9rieures 16.5cm"},"content":{"rendered":"<p>Pince d'extraction \u00e0 pr\u00e9hension profonde pour les pr\u00e9molaires de la m\u00e2choire inf\u00e9rieure, Mat\u00e9riau : Acier inoxydable m\u00e9dical de haute qualit\u00e9, r\u00e9sistant \u00e0 la corrosion Profil adh\u00e9sif (dentelure transversale) M\u00e2choires du davier avec dentelures longitudinales et transversales \u00e0 l'int\u00e9rieur Bord dentel\u00e9 pour une meilleure friction sur la dent Longueur totale : environ 16,5 cm Autoclavable, st\u00e9rilisable Disponible avec une poign\u00e9e standard La poign\u00e9e standard est tr\u00e8s adapt\u00e9e au travail avec des gants.<\/p>","protected":false},"excerpt":{"rendered":"<p>Deep-gripping extraction forceps for lower jaw premolars, Material: High-quality, corrosion-resistant medical stainless steel Adhesive profile (cross serration) Forceps jaws with<\/p>","protected":false},"featured_media":36654,"comment_status":"open","ping_status":"closed","template":"","meta":[],"product_brand":[],"product_cat":[225,231,271],"product_tag":[],"class_list":{"0":"post-36619","1":"product","2":"type-product","3":"status-publish","4":"has-post-thumbnail","6":"product_cat-extraction","7":"product_cat-extraction-forceps","8":"product_cat-extraction-forceps-standard-handle","10":"first","11":"instock","12":"taxable","13":"shipping-taxable","14":"purchasable","15":"product-type-simple"},"_links":{"self":[{"href":"https:\/\/ar-instrumed.de\/fr\/wp-json\/wp\/v2\/product\/36619","targetHints":{"allow":["GET"]}}],"collection":[{"href":"https:\/\/ar-instrumed.de\/fr\/wp-json\/wp\/v2\/product"}],"about":[{"href":"https:\/\/ar-instrumed.de\/fr\/wp-json\/wp\/v2\/types\/product"}],"replies":[{"embeddable":true,"href":"https:\/\/ar-instrumed.de\/fr\/wp-json\/wp\/v2\/comments?post=36619"}],"version-history":[{"count":2,"href":"https:\/\/ar-instrumed.de\/fr\/wp-json\/wp\/v2\/product\/36619\/revisions"}],"predecessor-version":[{"id":55428,"href":"https:\/\/ar-instrumed.de\/fr\/wp-json\/wp\/v2\/product\/36619\/revisions\/55428"}],"wp:featuredmedia":[{"embeddable":true,"href":"https:\/\/ar-instrumed.de\/fr\/wp-json\/wp\/v2\/media\/36654"}],"wp:attachment":[{"href":"https:\/\/ar-instrumed.de\/fr\/wp-json\/wp\/v2\/media?parent=36619"}],"wp:term":[{"taxonomy":"product_brand","embeddable":true,"href":"https:\/\/ar-instrumed.de\/fr\/wp-json\/wp\/v2\/product_brand?post=36619"},{"taxonomy":"product_cat","embeddable":true,"href":"https:\/\/ar-instrumed.de\/fr\/wp-json\/wp\/v2\/product_cat?post=36619"},{"taxonomy":"product_tag","embeddable":true,"href":"https:\/\/ar-instrumed.de\/fr\/wp-json\/wp\/v2\/product_tag?post=36619"}],"curies":[{"name":"wp","href":"https:\/\/api.w.org\/{rel}","templated":true}]}}