{"id":36597,"date":"2025-09-04T17:58:10","date_gmt":"2025-09-04T17:58:10","guid":{"rendered":"https:\/\/ar-instrumed.de\/demo\/?post_type=product&#038;p=36597"},"modified":"2025-09-22T20:09:54","modified_gmt":"2025-09-22T20:09:54","slug":"bird-beak-plier-with-cutter-max-0-51mm-022-wire","status":"publish","type":"product","link":"https:\/\/ar-instrumed.de\/fr\/product\/bird-beak-plier-with-cutter-max-0-51mm-022-wire\/","title":{"rendered":"Pince \u00e0 bec d'oiseau avec coupe fil max 0.51mm .022\u2033 Wire"},"content":{"rendered":"<p>Pour raccourcir en toute s\u00e9curit\u00e9 les fils jusqu'\u00e0 (0,30 mm-0,51 mm) longueur d'environ 140 mm Incrustation en m\u00e9tal dur - cet instrument de haute qualit\u00e9 garantit une longue dur\u00e9e de vie Poign\u00e9es plaqu\u00e9es or Mat\u00e9riau : Acier inoxydable m\u00e9dical de haute qualit\u00e9, r\u00e9sistant \u00e0 la corrosion Autoclavable, st\u00e9rilisable<\/p>","protected":false},"excerpt":{"rendered":"<p>For safe shortening of wires up to (0.30 mm-0.51 mm) length approx. 140 mm Hard metal inlay &#8211; this high-quality<\/p>","protected":false},"featured_media":36604,"comment_status":"open","ping_status":"closed","template":"","meta":[],"product_brand":[],"product_cat":[229],"product_tag":[],"class_list":{"0":"post-36597","1":"product","2":"type-product","3":"status-publish","4":"has-post-thumbnail","6":"product_cat-orthodontic-pliers","8":"first","9":"instock","10":"taxable","11":"shipping-taxable","12":"purchasable","13":"product-type-simple"},"_links":{"self":[{"href":"https:\/\/ar-instrumed.de\/fr\/wp-json\/wp\/v2\/product\/36597","targetHints":{"allow":["GET"]}}],"collection":[{"href":"https:\/\/ar-instrumed.de\/fr\/wp-json\/wp\/v2\/product"}],"about":[{"href":"https:\/\/ar-instrumed.de\/fr\/wp-json\/wp\/v2\/types\/product"}],"replies":[{"embeddable":true,"href":"https:\/\/ar-instrumed.de\/fr\/wp-json\/wp\/v2\/comments?post=36597"}],"version-history":[{"count":2,"href":"https:\/\/ar-instrumed.de\/fr\/wp-json\/wp\/v2\/product\/36597\/revisions"}],"predecessor-version":[{"id":55436,"href":"https:\/\/ar-instrumed.de\/fr\/wp-json\/wp\/v2\/product\/36597\/revisions\/55436"}],"wp:featuredmedia":[{"embeddable":true,"href":"https:\/\/ar-instrumed.de\/fr\/wp-json\/wp\/v2\/media\/36604"}],"wp:attachment":[{"href":"https:\/\/ar-instrumed.de\/fr\/wp-json\/wp\/v2\/media?parent=36597"}],"wp:term":[{"taxonomy":"product_brand","embeddable":true,"href":"https:\/\/ar-instrumed.de\/fr\/wp-json\/wp\/v2\/product_brand?post=36597"},{"taxonomy":"product_cat","embeddable":true,"href":"https:\/\/ar-instrumed.de\/fr\/wp-json\/wp\/v2\/product_cat?post=36597"},{"taxonomy":"product_tag","embeddable":true,"href":"https:\/\/ar-instrumed.de\/fr\/wp-json\/wp\/v2\/product_tag?post=36597"}],"curies":[{"name":"wp","href":"https:\/\/api.w.org\/{rel}","templated":true}]}}