{"id":36560,"date":"2025-09-04T17:57:11","date_gmt":"2025-09-04T17:57:11","guid":{"rendered":"https:\/\/ar-instrumed.de\/demo\/?post_type=product&#038;p=36560"},"modified":"2025-09-22T20:09:58","modified_gmt":"2025-09-22T20:09:58","slug":"fig-4-lower-incisors-canines-16-5cm","status":"publish","type":"product","link":"https:\/\/ar-instrumed.de\/fr\/product\/fig-4-lower-incisors-canines-16-5cm\/","title":{"rendered":"Fig.4 Incisives et canines inf\u00e9rieures 16,5 cm"},"content":{"rendered":"<p>-Pince extracteur pour les dents ant\u00e9rieures inf\u00e9rieures, figure 4 -Mat\u00e9riau : Acier m\u00e9dical inoxydable de haute qualit\u00e9, r\u00e9sistant \u00e0 la corrosion -Profil de coupe (denture transversale) -M\u00e2choires dentel\u00e9es dans le sens de la longueur et de la largeur -Bord dentel\u00e9 pour un meilleur frottement sur la dent<\/p>","protected":false},"excerpt":{"rendered":"<p>-Extractor forceps for the lower anterior teeth, figure 4 -Material: High-quality, corrosion-resistant medical stainless steel -Cut-off profile (cross-toothing) -The jaws<\/p>","protected":false},"featured_media":36571,"comment_status":"open","ping_status":"closed","template":"","meta":[],"product_brand":[],"product_cat":[225,231,232],"product_tag":[],"class_list":{"0":"post-36560","1":"product","2":"type-product","3":"status-publish","4":"has-post-thumbnail","6":"product_cat-extraction","7":"product_cat-extraction-forceps","8":"product_cat-extraction-forceps-anatomical-handle","10":"first","11":"instock","12":"taxable","13":"shipping-taxable","14":"purchasable","15":"product-type-simple"},"_links":{"self":[{"href":"https:\/\/ar-instrumed.de\/fr\/wp-json\/wp\/v2\/product\/36560","targetHints":{"allow":["GET"]}}],"collection":[{"href":"https:\/\/ar-instrumed.de\/fr\/wp-json\/wp\/v2\/product"}],"about":[{"href":"https:\/\/ar-instrumed.de\/fr\/wp-json\/wp\/v2\/types\/product"}],"replies":[{"embeddable":true,"href":"https:\/\/ar-instrumed.de\/fr\/wp-json\/wp\/v2\/comments?post=36560"}],"version-history":[{"count":2,"href":"https:\/\/ar-instrumed.de\/fr\/wp-json\/wp\/v2\/product\/36560\/revisions"}],"predecessor-version":[{"id":55444,"href":"https:\/\/ar-instrumed.de\/fr\/wp-json\/wp\/v2\/product\/36560\/revisions\/55444"}],"wp:featuredmedia":[{"embeddable":true,"href":"https:\/\/ar-instrumed.de\/fr\/wp-json\/wp\/v2\/media\/36571"}],"wp:attachment":[{"href":"https:\/\/ar-instrumed.de\/fr\/wp-json\/wp\/v2\/media?parent=36560"}],"wp:term":[{"taxonomy":"product_brand","embeddable":true,"href":"https:\/\/ar-instrumed.de\/fr\/wp-json\/wp\/v2\/product_brand?post=36560"},{"taxonomy":"product_cat","embeddable":true,"href":"https:\/\/ar-instrumed.de\/fr\/wp-json\/wp\/v2\/product_cat?post=36560"},{"taxonomy":"product_tag","embeddable":true,"href":"https:\/\/ar-instrumed.de\/fr\/wp-json\/wp\/v2\/product_tag?post=36560"}],"curies":[{"name":"wp","href":"https:\/\/api.w.org\/{rel}","templated":true}]}}