{"id":36462,"date":"2025-09-04T17:54:52","date_gmt":"2025-09-04T17:54:52","guid":{"rendered":"https:\/\/ar-instrumed.de\/demo\/?post_type=product&#038;p=36462"},"modified":"2025-09-22T20:10:18","modified_gmt":"2025-09-22T20:10:18","slug":"fig-51m-upper-roots-extracting-forceps","status":"publish","type":"product","link":"https:\/\/ar-instrumed.de\/fr\/product\/fig-51m-upper-roots-extracting-forceps\/","title":{"rendered":"Fig.51M Pince d'extraction des racines sup\u00e9rieures"},"content":{"rendered":"<p>-Pince extracteur pour la racine sup\u00e9rieure, figure 51M -Mat\u00e9riau : Acier inoxydable m\u00e9dical de haute qualit\u00e9, r\u00e9sistant \u00e0 la corrosion -Profil de coupe (denture transversale) -Mors de force avec denture longitudinale et transversale \u00e0 l'int\u00e9rieur -Bord dent\u00e9 pour une meilleure friction sur la dent<\/p>","protected":false},"excerpt":{"rendered":"<p>-Extractor forceps upper root, figure 51M -Material: High-quality, corrosion-resistant medical stainless steel -Cut-off profile (cross serration) -Force jaws with longitudinal<\/p>","protected":false},"featured_media":36484,"comment_status":"open","ping_status":"closed","template":"","meta":[],"product_brand":[],"product_cat":[225,231,232],"product_tag":[],"class_list":{"0":"post-36462","1":"product","2":"type-product","3":"status-publish","4":"has-post-thumbnail","6":"product_cat-extraction","7":"product_cat-extraction-forceps","8":"product_cat-extraction-forceps-anatomical-handle","10":"first","11":"instock","12":"taxable","13":"shipping-taxable","14":"purchasable","15":"product-type-simple"},"_links":{"self":[{"href":"https:\/\/ar-instrumed.de\/fr\/wp-json\/wp\/v2\/product\/36462","targetHints":{"allow":["GET"]}}],"collection":[{"href":"https:\/\/ar-instrumed.de\/fr\/wp-json\/wp\/v2\/product"}],"about":[{"href":"https:\/\/ar-instrumed.de\/fr\/wp-json\/wp\/v2\/types\/product"}],"replies":[{"embeddable":true,"href":"https:\/\/ar-instrumed.de\/fr\/wp-json\/wp\/v2\/comments?post=36462"}],"version-history":[{"count":2,"href":"https:\/\/ar-instrumed.de\/fr\/wp-json\/wp\/v2\/product\/36462\/revisions"}],"predecessor-version":[{"id":55470,"href":"https:\/\/ar-instrumed.de\/fr\/wp-json\/wp\/v2\/product\/36462\/revisions\/55470"}],"wp:featuredmedia":[{"embeddable":true,"href":"https:\/\/ar-instrumed.de\/fr\/wp-json\/wp\/v2\/media\/36484"}],"wp:attachment":[{"href":"https:\/\/ar-instrumed.de\/fr\/wp-json\/wp\/v2\/media?parent=36462"}],"wp:term":[{"taxonomy":"product_brand","embeddable":true,"href":"https:\/\/ar-instrumed.de\/fr\/wp-json\/wp\/v2\/product_brand?post=36462"},{"taxonomy":"product_cat","embeddable":true,"href":"https:\/\/ar-instrumed.de\/fr\/wp-json\/wp\/v2\/product_cat?post=36462"},{"taxonomy":"product_tag","embeddable":true,"href":"https:\/\/ar-instrumed.de\/fr\/wp-json\/wp\/v2\/product_tag?post=36462"}],"curies":[{"name":"wp","href":"https:\/\/api.w.org\/{rel}","templated":true}]}}