{"id":36460,"date":"2025-09-04T17:54:47","date_gmt":"2025-09-04T17:54:47","guid":{"rendered":"https:\/\/ar-instrumed.de\/demo\/?post_type=product&#038;p=36460"},"modified":"2025-09-22T20:10:18","modified_gmt":"2025-09-22T20:10:18","slug":"fig-67a-upper-wisdoms-extracting-forceps","status":"publish","type":"product","link":"https:\/\/ar-instrumed.de\/fr\/product\/fig-67a-upper-wisdoms-extracting-forceps\/","title":{"rendered":"Fig.67A Pince d'extraction pour la partie sup\u00e9rieure de la sagesse"},"content":{"rendered":"<p>-Pince extracteur pour les dents de sagesse sup\u00e9rieures, figure 67A -Mat\u00e9riau : Acier m\u00e9dical inoxydable de haute qualit\u00e9, r\u00e9sistant \u00e0 la corrosion -Profil de coupe (denture transversale) -Les m\u00e2choires sont dentel\u00e9es dans le sens de la longueur et de la largeur -Bord dentel\u00e9 pour une meilleure friction sur la dent -Sur la dent, les m\u00e2choires sont dentel\u00e9es dans le sens de la longueur et de la largeur<\/p>","protected":false},"excerpt":{"rendered":"<p>-Extractor forceps for upper wisdom teeth, figure 67A -Material: High-quality, corrosion-resistant medical stainless steel -Cutting profile (cross serration) -The jaws<\/p>","protected":false},"featured_media":36480,"comment_status":"open","ping_status":"closed","template":"","meta":[],"product_brand":[],"product_cat":[225,231,232],"product_tag":[],"class_list":{"0":"post-36460","1":"product","2":"type-product","3":"status-publish","4":"has-post-thumbnail","6":"product_cat-extraction","7":"product_cat-extraction-forceps","8":"product_cat-extraction-forceps-anatomical-handle","10":"first","11":"instock","12":"taxable","13":"shipping-taxable","14":"purchasable","15":"product-type-simple"},"_links":{"self":[{"href":"https:\/\/ar-instrumed.de\/fr\/wp-json\/wp\/v2\/product\/36460","targetHints":{"allow":["GET"]}}],"collection":[{"href":"https:\/\/ar-instrumed.de\/fr\/wp-json\/wp\/v2\/product"}],"about":[{"href":"https:\/\/ar-instrumed.de\/fr\/wp-json\/wp\/v2\/types\/product"}],"replies":[{"embeddable":true,"href":"https:\/\/ar-instrumed.de\/fr\/wp-json\/wp\/v2\/comments?post=36460"}],"version-history":[{"count":2,"href":"https:\/\/ar-instrumed.de\/fr\/wp-json\/wp\/v2\/product\/36460\/revisions"}],"predecessor-version":[{"id":55472,"href":"https:\/\/ar-instrumed.de\/fr\/wp-json\/wp\/v2\/product\/36460\/revisions\/55472"}],"wp:featuredmedia":[{"embeddable":true,"href":"https:\/\/ar-instrumed.de\/fr\/wp-json\/wp\/v2\/media\/36480"}],"wp:attachment":[{"href":"https:\/\/ar-instrumed.de\/fr\/wp-json\/wp\/v2\/media?parent=36460"}],"wp:term":[{"taxonomy":"product_brand","embeddable":true,"href":"https:\/\/ar-instrumed.de\/fr\/wp-json\/wp\/v2\/product_brand?post=36460"},{"taxonomy":"product_cat","embeddable":true,"href":"https:\/\/ar-instrumed.de\/fr\/wp-json\/wp\/v2\/product_cat?post=36460"},{"taxonomy":"product_tag","embeddable":true,"href":"https:\/\/ar-instrumed.de\/fr\/wp-json\/wp\/v2\/product_tag?post=36460"}],"curies":[{"name":"wp","href":"https:\/\/api.w.org\/{rel}","templated":true}]}}