{"id":36459,"date":"2025-09-04T17:54:45","date_gmt":"2025-09-04T17:54:45","guid":{"rendered":"https:\/\/ar-instrumed.de\/demo\/?post_type=product&#038;p=36459"},"modified":"2025-09-22T20:10:19","modified_gmt":"2025-09-22T20:10:19","slug":"fig-67l-upper-wisdom-left-gripping-in-teeth","status":"publish","type":"product","link":"https:\/\/ar-instrumed.de\/fr\/product\/fig-67l-upper-wisdom-left-gripping-in-teeth\/","title":{"rendered":"Fig.67L Sagesse sup\u00e9rieure gauche, prise dans les dents"},"content":{"rendered":"<p>-Pince d'extraction des dents de sagesse sup\u00e9rieures \u00e0 pr\u00e9hension profonde, figure 67L -Mat\u00e9riau : Acier inoxydable m\u00e9dical de haute qualit\u00e9, r\u00e9sistant \u00e0 la corrosion -Profil adh\u00e9sif (denture transversale) Mors de pince avec denture longitudinale et transversale \u00e0 l'int\u00e9rieur -Bord dent\u00e9, donc b<\/p>","protected":false},"excerpt":{"rendered":"<p>-Extractor forceps upper wisdom teeth deep gripping, figure 67L -Material: High-quality, corrosion-resistant medical stainless steel -Adhesive profile (cross serration) Forceps<\/p>","protected":false},"featured_media":36478,"comment_status":"open","ping_status":"closed","template":"","meta":[],"product_brand":[],"product_cat":[225,231,232],"product_tag":[],"class_list":{"0":"post-36459","1":"product","2":"type-product","3":"status-publish","4":"has-post-thumbnail","6":"product_cat-extraction","7":"product_cat-extraction-forceps","8":"product_cat-extraction-forceps-anatomical-handle","10":"first","11":"instock","12":"taxable","13":"shipping-taxable","14":"purchasable","15":"product-type-simple"},"_links":{"self":[{"href":"https:\/\/ar-instrumed.de\/fr\/wp-json\/wp\/v2\/product\/36459","targetHints":{"allow":["GET"]}}],"collection":[{"href":"https:\/\/ar-instrumed.de\/fr\/wp-json\/wp\/v2\/product"}],"about":[{"href":"https:\/\/ar-instrumed.de\/fr\/wp-json\/wp\/v2\/types\/product"}],"replies":[{"embeddable":true,"href":"https:\/\/ar-instrumed.de\/fr\/wp-json\/wp\/v2\/comments?post=36459"}],"version-history":[{"count":2,"href":"https:\/\/ar-instrumed.de\/fr\/wp-json\/wp\/v2\/product\/36459\/revisions"}],"predecessor-version":[{"id":55473,"href":"https:\/\/ar-instrumed.de\/fr\/wp-json\/wp\/v2\/product\/36459\/revisions\/55473"}],"wp:featuredmedia":[{"embeddable":true,"href":"https:\/\/ar-instrumed.de\/fr\/wp-json\/wp\/v2\/media\/36478"}],"wp:attachment":[{"href":"https:\/\/ar-instrumed.de\/fr\/wp-json\/wp\/v2\/media?parent=36459"}],"wp:term":[{"taxonomy":"product_brand","embeddable":true,"href":"https:\/\/ar-instrumed.de\/fr\/wp-json\/wp\/v2\/product_brand?post=36459"},{"taxonomy":"product_cat","embeddable":true,"href":"https:\/\/ar-instrumed.de\/fr\/wp-json\/wp\/v2\/product_cat?post=36459"},{"taxonomy":"product_tag","embeddable":true,"href":"https:\/\/ar-instrumed.de\/fr\/wp-json\/wp\/v2\/product_tag?post=36459"}],"curies":[{"name":"wp","href":"https:\/\/api.w.org\/{rel}","templated":true}]}}