{"id":35989,"date":"2025-09-04T17:41:48","date_gmt":"2025-09-04T17:41:48","guid":{"rendered":"https:\/\/ar-instrumed.de\/demo\/?post_type=product&#038;p=35989"},"modified":"2025-09-22T20:11:45","modified_gmt":"2025-09-22T20:11:45","slug":"impression-trays-set-of-6-full-denture-solid-s-m-l-upper-lower","status":"publish","type":"product","link":"https:\/\/ar-instrumed.de\/fr\/product\/impression-trays-set-of-6-full-denture-solid-s-m-l-upper-lower\/","title":{"rendered":"Jeu de 6 porte-empreintes pour proth\u00e8se compl\u00e8te solide S-M-L sup\u00e9rieur\/inf\u00e9rieur"},"content":{"rendered":"<p>Porte-empreintes set de 6 pi\u00e8ces Solid S-M-L UK \/ OK Pas de soudure Facile \u00e0 nettoyer Acier inoxydable antirouille Finition satin\u00e9e Mat\u00e9riau : Acier inoxydable m\u00e9dical de haute qualit\u00e9, r\u00e9sistant \u00e0 la corrosion.<\/p>","protected":false},"excerpt":{"rendered":"<p>Impression trays set of 6 pieces Solid S-M-L UK \/ OK No weld seam Easy to clean Rust-proof stainless steel<\/p>","protected":false},"featured_media":36042,"comment_status":"open","ping_status":"closed","template":"","meta":[],"product_brand":[],"product_cat":[224,255],"product_tag":[],"class_list":{"0":"post-35989","1":"product","2":"type-product","3":"status-publish","4":"has-post-thumbnail","6":"product_cat-instruments-set","7":"product_cat-impression-trays","9":"first","10":"instock","11":"taxable","12":"shipping-taxable","13":"purchasable","14":"product-type-simple"},"_links":{"self":[{"href":"https:\/\/ar-instrumed.de\/fr\/wp-json\/wp\/v2\/product\/35989","targetHints":{"allow":["GET"]}}],"collection":[{"href":"https:\/\/ar-instrumed.de\/fr\/wp-json\/wp\/v2\/product"}],"about":[{"href":"https:\/\/ar-instrumed.de\/fr\/wp-json\/wp\/v2\/types\/product"}],"replies":[{"embeddable":true,"href":"https:\/\/ar-instrumed.de\/fr\/wp-json\/wp\/v2\/comments?post=35989"}],"version-history":[{"count":2,"href":"https:\/\/ar-instrumed.de\/fr\/wp-json\/wp\/v2\/product\/35989\/revisions"}],"predecessor-version":[{"id":55612,"href":"https:\/\/ar-instrumed.de\/fr\/wp-json\/wp\/v2\/product\/35989\/revisions\/55612"}],"wp:featuredmedia":[{"embeddable":true,"href":"https:\/\/ar-instrumed.de\/fr\/wp-json\/wp\/v2\/media\/36042"}],"wp:attachment":[{"href":"https:\/\/ar-instrumed.de\/fr\/wp-json\/wp\/v2\/media?parent=35989"}],"wp:term":[{"taxonomy":"product_brand","embeddable":true,"href":"https:\/\/ar-instrumed.de\/fr\/wp-json\/wp\/v2\/product_brand?post=35989"},{"taxonomy":"product_cat","embeddable":true,"href":"https:\/\/ar-instrumed.de\/fr\/wp-json\/wp\/v2\/product_cat?post=35989"},{"taxonomy":"product_tag","embeddable":true,"href":"https:\/\/ar-instrumed.de\/fr\/wp-json\/wp\/v2\/product_tag?post=35989"}],"curies":[{"name":"wp","href":"https:\/\/api.w.org\/{rel}","templated":true}]}}