{"id":35878,"date":"2025-09-04T17:38:42","date_gmt":"2025-09-04T17:38:42","guid":{"rendered":"https:\/\/ar-instrumed.de\/demo\/?post_type=product&#038;p=35878"},"modified":"2025-09-22T20:12:08","modified_gmt":"2025-09-22T20:12:08","slug":"dean-double-curved-14cm","status":"publish","type":"product","link":"https:\/\/ar-instrumed.de\/fr\/product\/dean-double-curved-14cm\/","title":{"rendered":"Dean Double Curved 14cm"},"content":{"rendered":"<p>Ciseaux de doyen, doublement courb\u00e9s Longueur 14 cm pointus\/pointus Mat\u00e9riau : Acier inoxydable m\u00e9dical de haute qualit\u00e9, r\u00e9sistant \u00e0 la corrosion Autoclavable, st\u00e9rilisable<\/p>","protected":false},"excerpt":{"rendered":"<p>Ciseaux de doyen, doublement courb\u00e9s Longueur 14 cm pointus\/pointus Mat\u00e9riau : Acier inoxydable m\u00e9dical de haute qualit\u00e9, r\u00e9sistant \u00e0 la corrosion Autoclavable, st\u00e9rilisable<\/p>","protected":false},"featured_media":35932,"comment_status":"open","ping_status":"closed","template":"","meta":[],"product_brand":[],"product_cat":[257,227],"product_tag":[],"class_list":{"0":"post-35878","1":"product","2":"type-product","3":"status-publish","4":"has-post-thumbnail","6":"product_cat-scissors","7":"product_cat-surgery","9":"first","10":"instock","11":"taxable","12":"shipping-taxable","13":"purchasable","14":"product-type-simple"},"_links":{"self":[{"href":"https:\/\/ar-instrumed.de\/fr\/wp-json\/wp\/v2\/product\/35878","targetHints":{"allow":["GET"]}}],"collection":[{"href":"https:\/\/ar-instrumed.de\/fr\/wp-json\/wp\/v2\/product"}],"about":[{"href":"https:\/\/ar-instrumed.de\/fr\/wp-json\/wp\/v2\/types\/product"}],"replies":[{"embeddable":true,"href":"https:\/\/ar-instrumed.de\/fr\/wp-json\/wp\/v2\/comments?post=35878"}],"version-history":[{"count":2,"href":"https:\/\/ar-instrumed.de\/fr\/wp-json\/wp\/v2\/product\/35878\/revisions"}],"predecessor-version":[{"id":55648,"href":"https:\/\/ar-instrumed.de\/fr\/wp-json\/wp\/v2\/product\/35878\/revisions\/55648"}],"wp:featuredmedia":[{"embeddable":true,"href":"https:\/\/ar-instrumed.de\/fr\/wp-json\/wp\/v2\/media\/35932"}],"wp:attachment":[{"href":"https:\/\/ar-instrumed.de\/fr\/wp-json\/wp\/v2\/media?parent=35878"}],"wp:term":[{"taxonomy":"product_brand","embeddable":true,"href":"https:\/\/ar-instrumed.de\/fr\/wp-json\/wp\/v2\/product_brand?post=35878"},{"taxonomy":"product_cat","embeddable":true,"href":"https:\/\/ar-instrumed.de\/fr\/wp-json\/wp\/v2\/product_cat?post=35878"},{"taxonomy":"product_tag","embeddable":true,"href":"https:\/\/ar-instrumed.de\/fr\/wp-json\/wp\/v2\/product_tag?post=35878"}],"curies":[{"name":"wp","href":"https:\/\/api.w.org\/{rel}","templated":true}]}}