{"id":35861,"date":"2025-09-04T17:38:18","date_gmt":"2025-09-04T17:38:18","guid":{"rendered":"https:\/\/ar-instrumed.de\/demo\/?post_type=product&#038;p=35861"},"modified":"2025-09-22T20:12:09","modified_gmt":"2025-09-22T20:12:09","slug":"needle-holder-castroviejo-straight-wire-5-06-07-0-14-5cm","status":"publish","type":"product","link":"https:\/\/ar-instrumed.de\/fr\/product\/needle-holder-castroviejo-straight-wire-5-06-07-0-14-5cm\/","title":{"rendered":"Porte-aiguille Castroviejo Fil droit 5-0,6-0,7-0 14.5cm"},"content":{"rendered":"<p>Porte-aiguille TC (TC = inserts en carbure de tungst\u00e8ne, m\u00e9tal dur) Castroviejo (fermeture \u00e0 ressort) extr\u00e9mit\u00e9 de travail stable 14,5 cm, droite Mat\u00e9riau : Acier inoxydable m\u00e9dical de haute qualit\u00e9, r\u00e9sistant \u00e0 la corrosion Autoclavable, st\u00e9rilisable<\/p>","protected":false},"excerpt":{"rendered":"<p>Needle holder TC (TC = tungsten carbide inserts, hard metal) Castroviejo (spring lock) stable working end 14.5 cm, straight Material:<\/p>","protected":false},"featured_media":35926,"comment_status":"open","ping_status":"closed","template":"","meta":[],"product_brand":[],"product_cat":[256,227],"product_tag":[],"class_list":{"0":"post-35861","1":"product","2":"type-product","3":"status-publish","4":"has-post-thumbnail","6":"product_cat-needle-holder-forceps","7":"product_cat-surgery","9":"first","10":"instock","11":"taxable","12":"shipping-taxable","13":"purchasable","14":"product-type-simple"},"_links":{"self":[{"href":"https:\/\/ar-instrumed.de\/fr\/wp-json\/wp\/v2\/product\/35861","targetHints":{"allow":["GET"]}}],"collection":[{"href":"https:\/\/ar-instrumed.de\/fr\/wp-json\/wp\/v2\/product"}],"about":[{"href":"https:\/\/ar-instrumed.de\/fr\/wp-json\/wp\/v2\/types\/product"}],"replies":[{"embeddable":true,"href":"https:\/\/ar-instrumed.de\/fr\/wp-json\/wp\/v2\/comments?post=35861"}],"version-history":[{"count":2,"href":"https:\/\/ar-instrumed.de\/fr\/wp-json\/wp\/v2\/product\/35861\/revisions"}],"predecessor-version":[{"id":55651,"href":"https:\/\/ar-instrumed.de\/fr\/wp-json\/wp\/v2\/product\/35861\/revisions\/55651"}],"wp:featuredmedia":[{"embeddable":true,"href":"https:\/\/ar-instrumed.de\/fr\/wp-json\/wp\/v2\/media\/35926"}],"wp:attachment":[{"href":"https:\/\/ar-instrumed.de\/fr\/wp-json\/wp\/v2\/media?parent=35861"}],"wp:term":[{"taxonomy":"product_brand","embeddable":true,"href":"https:\/\/ar-instrumed.de\/fr\/wp-json\/wp\/v2\/product_brand?post=35861"},{"taxonomy":"product_cat","embeddable":true,"href":"https:\/\/ar-instrumed.de\/fr\/wp-json\/wp\/v2\/product_cat?post=35861"},{"taxonomy":"product_tag","embeddable":true,"href":"https:\/\/ar-instrumed.de\/fr\/wp-json\/wp\/v2\/product_tag?post=35861"}],"curies":[{"name":"wp","href":"https:\/\/api.w.org\/{rel}","templated":true}]}}