{"id":35859,"date":"2025-09-04T17:38:17","date_gmt":"2025-09-04T17:38:17","guid":{"rendered":"https:\/\/ar-instrumed.de\/demo\/?post_type=product&#038;p=35859"},"modified":"2025-09-22T20:12:11","modified_gmt":"2025-09-22T20:12:11","slug":"micro-iris-scissor-curved-10-5cm-blade-18mm-serration-1-blade","status":"publish","type":"product","link":"https:\/\/ar-instrumed.de\/fr\/product\/micro-iris-scissor-curved-10-5cm-blade-18mm-serration-1-blade\/","title":{"rendered":"Micro Iris Scissor Curved 10.5cm Blade 18mm Serration 1 Blade"},"content":{"rendered":"<p>Ciseaux Micro Iris TC (TC = plaquettes en carbure de tungst\u00e8ne, m\u00e9tal dur) 105 mm, courb\u00e9s Lame 18 mm Supercut Mat\u00e9riau : Acier inoxydable m\u00e9dical de haute qualit\u00e9, r\u00e9sistant \u00e0 la corrosion Autoclavable, st\u00e9rilisable<\/p>","protected":false},"excerpt":{"rendered":"<p>Micro Iris Scissors TC (TC = tungsten carbide inserts, hard metal) 105 mm, curved Blade 18 mm Supercut Material: High-quality,<\/p>","protected":false},"featured_media":35922,"comment_status":"open","ping_status":"closed","template":"","meta":[],"product_brand":[],"product_cat":[265,257,227],"product_tag":[],"class_list":{"0":"post-35859","1":"product","2":"type-product","3":"status-publish","4":"has-post-thumbnail","6":"product_cat-micro-surgery","7":"product_cat-scissors","8":"product_cat-surgery","10":"first","11":"instock","12":"taxable","13":"shipping-taxable","14":"purchasable","15":"product-type-simple"},"_links":{"self":[{"href":"https:\/\/ar-instrumed.de\/fr\/wp-json\/wp\/v2\/product\/35859","targetHints":{"allow":["GET"]}}],"collection":[{"href":"https:\/\/ar-instrumed.de\/fr\/wp-json\/wp\/v2\/product"}],"about":[{"href":"https:\/\/ar-instrumed.de\/fr\/wp-json\/wp\/v2\/types\/product"}],"replies":[{"embeddable":true,"href":"https:\/\/ar-instrumed.de\/fr\/wp-json\/wp\/v2\/comments?post=35859"}],"version-history":[{"count":2,"href":"https:\/\/ar-instrumed.de\/fr\/wp-json\/wp\/v2\/product\/35859\/revisions"}],"predecessor-version":[{"id":55655,"href":"https:\/\/ar-instrumed.de\/fr\/wp-json\/wp\/v2\/product\/35859\/revisions\/55655"}],"wp:featuredmedia":[{"embeddable":true,"href":"https:\/\/ar-instrumed.de\/fr\/wp-json\/wp\/v2\/media\/35922"}],"wp:attachment":[{"href":"https:\/\/ar-instrumed.de\/fr\/wp-json\/wp\/v2\/media?parent=35859"}],"wp:term":[{"taxonomy":"product_brand","embeddable":true,"href":"https:\/\/ar-instrumed.de\/fr\/wp-json\/wp\/v2\/product_brand?post=35859"},{"taxonomy":"product_cat","embeddable":true,"href":"https:\/\/ar-instrumed.de\/fr\/wp-json\/wp\/v2\/product_cat?post=35859"},{"taxonomy":"product_tag","embeddable":true,"href":"https:\/\/ar-instrumed.de\/fr\/wp-json\/wp\/v2\/product_tag?post=35859"}],"curies":[{"name":"wp","href":"https:\/\/api.w.org\/{rel}","templated":true}]}}