{"id":35823,"date":"2025-09-04T17:37:24","date_gmt":"2025-09-04T17:37:24","guid":{"rendered":"https:\/\/ar-instrumed.de\/demo\/?post_type=product&#038;p=35823"},"modified":"2026-01-09T09:33:27","modified_gmt":"2026-01-09T09:33:27","slug":"micro-castroviejo-needle-holder-straight-14cm","status":"publish","type":"product","link":"https:\/\/ar-instrumed.de\/fr\/product\/micro-castroviejo-needle-holder-straight-14cm\/","title":{"rendered":"Micro Castroviejo Porte-aiguille droit 14cm"},"content":{"rendered":"<p>Porte-aiguille Micro Castroviejo TC (TC = inserts en carbure de tungst\u00e8ne, m\u00e9tal dur) Castroviejo (verrouillage par ressort) extr\u00e9mit\u00e9 de travail stable 140 mm, droite Mat\u00e9riau : Acier inoxydable m\u00e9dical de haute qualit\u00e9, r\u00e9sistant \u00e0 la corrosion Autoclavable, st\u00e9rilisable<\/p>","protected":false},"excerpt":{"rendered":"<p>Micro Castroviejo needle holder TC (TC = tungsten carbide inserts, hard metal) Castroviejo (spring lock) stable working end 140 mm,<\/p>","protected":false},"featured_media":35890,"comment_status":"open","ping_status":"closed","template":"","meta":[],"product_brand":[],"product_cat":[265,256],"product_tag":[],"class_list":{"0":"post-35823","1":"product","2":"type-product","3":"status-publish","4":"has-post-thumbnail","6":"product_cat-micro-surgery","7":"product_cat-needle-holder-forceps","9":"first","10":"instock","11":"taxable","12":"shipping-taxable","13":"purchasable","14":"product-type-simple"},"_links":{"self":[{"href":"https:\/\/ar-instrumed.de\/fr\/wp-json\/wp\/v2\/product\/35823","targetHints":{"allow":["GET"]}}],"collection":[{"href":"https:\/\/ar-instrumed.de\/fr\/wp-json\/wp\/v2\/product"}],"about":[{"href":"https:\/\/ar-instrumed.de\/fr\/wp-json\/wp\/v2\/types\/product"}],"replies":[{"embeddable":true,"href":"https:\/\/ar-instrumed.de\/fr\/wp-json\/wp\/v2\/comments?post=35823"}],"version-history":[{"count":2,"href":"https:\/\/ar-instrumed.de\/fr\/wp-json\/wp\/v2\/product\/35823\/revisions"}],"predecessor-version":[{"id":55663,"href":"https:\/\/ar-instrumed.de\/fr\/wp-json\/wp\/v2\/product\/35823\/revisions\/55663"}],"wp:featuredmedia":[{"embeddable":true,"href":"https:\/\/ar-instrumed.de\/fr\/wp-json\/wp\/v2\/media\/35890"}],"wp:attachment":[{"href":"https:\/\/ar-instrumed.de\/fr\/wp-json\/wp\/v2\/media?parent=35823"}],"wp:term":[{"taxonomy":"product_brand","embeddable":true,"href":"https:\/\/ar-instrumed.de\/fr\/wp-json\/wp\/v2\/product_brand?post=35823"},{"taxonomy":"product_cat","embeddable":true,"href":"https:\/\/ar-instrumed.de\/fr\/wp-json\/wp\/v2\/product_cat?post=35823"},{"taxonomy":"product_tag","embeddable":true,"href":"https:\/\/ar-instrumed.de\/fr\/wp-json\/wp\/v2\/product_tag?post=35823"}],"curies":[{"name":"wp","href":"https:\/\/api.w.org\/{rel}","templated":true}]}}