{"id":35632,"date":"2025-09-04T17:32:34","date_gmt":"2025-09-04T17:32:34","guid":{"rendered":"https:\/\/ar-instrumed.de\/demo\/?post_type=product&#038;p=35632"},"modified":"2025-09-22T20:12:52","modified_gmt":"2025-09-22T20:12:52","slug":"implantology-set-of-12","status":"publish","type":"product","link":"https:\/\/ar-instrumed.de\/fr\/product\/implantology-set-of-12\/","title":{"rendered":"Implantologie Set de 12"},"content":{"rendered":"<p>Implantologie set de 12 pi\u00e8ces 106-339-1 Grattoir \u00e0 os 106-340 Ciseau 1mm\/4mm 106-341 Ciseau 1.5mm\/4mm 106-342 Ciseau 2mm\/4mm 106-343 Ciseau 2.5mm\/4mm 106-362 Ciseau 5mm milieu 106-363 Ciseau 5mm gauche 106-364 Ciseau 5mm droit 106-059-1H Instrument de levage des sinus de premi\u00e8re qualit\u00e9 Figure 1 106-059-2H Instrument de levage des sinus de premi\u00e8re qualit\u00e9 Figure 2 106-059-3H Instrument de levage des sinus de premi\u00e8re qualit\u00e9 Figure 3 106-059-4H Instrument de levage des sinus de premi\u00e8re qualit\u00e9 Figure 4<\/p>","protected":false},"excerpt":{"rendered":"<p>Implantology set of 12 pieces 106-339-1 Bone scraper 106-340 Chisel 1mm\/4mm 106-341 Chisel 1.5mm\/4mm 106-342 Chisel 2mm\/4mm 106-343 Chisel 2.5mm\/4mm<\/p>","protected":false},"featured_media":35702,"comment_status":"open","ping_status":"closed","template":"","meta":[],"product_brand":[],"product_cat":[224,246],"product_tag":[],"class_list":{"0":"post-35632","1":"product","2":"type-product","3":"status-publish","4":"has-post-thumbnail","6":"product_cat-instruments-set","7":"product_cat-implantology","9":"first","10":"instock","11":"taxable","12":"shipping-taxable","13":"purchasable","14":"product-type-simple"},"_links":{"self":[{"href":"https:\/\/ar-instrumed.de\/fr\/wp-json\/wp\/v2\/product\/35632","targetHints":{"allow":["GET"]}}],"collection":[{"href":"https:\/\/ar-instrumed.de\/fr\/wp-json\/wp\/v2\/product"}],"about":[{"href":"https:\/\/ar-instrumed.de\/fr\/wp-json\/wp\/v2\/types\/product"}],"replies":[{"embeddable":true,"href":"https:\/\/ar-instrumed.de\/fr\/wp-json\/wp\/v2\/comments?post=35632"}],"version-history":[{"count":2,"href":"https:\/\/ar-instrumed.de\/fr\/wp-json\/wp\/v2\/product\/35632\/revisions"}],"predecessor-version":[{"id":55733,"href":"https:\/\/ar-instrumed.de\/fr\/wp-json\/wp\/v2\/product\/35632\/revisions\/55733"}],"wp:featuredmedia":[{"embeddable":true,"href":"https:\/\/ar-instrumed.de\/fr\/wp-json\/wp\/v2\/media\/35702"}],"wp:attachment":[{"href":"https:\/\/ar-instrumed.de\/fr\/wp-json\/wp\/v2\/media?parent=35632"}],"wp:term":[{"taxonomy":"product_brand","embeddable":true,"href":"https:\/\/ar-instrumed.de\/fr\/wp-json\/wp\/v2\/product_brand?post=35632"},{"taxonomy":"product_cat","embeddable":true,"href":"https:\/\/ar-instrumed.de\/fr\/wp-json\/wp\/v2\/product_cat?post=35632"},{"taxonomy":"product_tag","embeddable":true,"href":"https:\/\/ar-instrumed.de\/fr\/wp-json\/wp\/v2\/product_tag?post=35632"}],"curies":[{"name":"wp","href":"https:\/\/api.w.org\/{rel}","templated":true}]}}