{"id":35591,"date":"2025-09-04T17:31:39","date_gmt":"2025-09-04T17:31:39","guid":{"rendered":"https:\/\/ar-instrumed.de\/demo\/?post_type=product&#038;p=35591"},"modified":"2025-09-22T20:12:56","modified_gmt":"2025-09-22T20:12:56","slug":"elastomeric-ligature-placing-forceps-with-groove-14cm","status":"publish","type":"product","link":"https:\/\/ar-instrumed.de\/fr\/product\/elastomeric-ligature-placing-forceps-with-groove-14cm\/","title":{"rendered":"Pince \u00e0 ligature \u00e9lastom\u00e8re avec rainure 14cm"},"content":{"rendered":"<p>Porte-aiguille \u00e9lastom\u00e9trique 14 cm Mat\u00e9riau : Acier inoxydable m\u00e9dical de haute qualit\u00e9, r\u00e9sistant \u00e0 la corrosion Autoclavable, st\u00e9rilisable<\/p>","protected":false},"excerpt":{"rendered":"<p>Porte-aiguille \u00e9lastom\u00e9trique 14 cm Mat\u00e9riau : Acier inoxydable m\u00e9dical de haute qualit\u00e9, r\u00e9sistant \u00e0 la corrosion Autoclavable, st\u00e9rilisable<\/p>","protected":false},"featured_media":35661,"comment_status":"open","ping_status":"closed","template":"","meta":[],"product_brand":[],"product_cat":[256,229],"product_tag":[],"class_list":{"0":"post-35591","1":"product","2":"type-product","3":"status-publish","4":"has-post-thumbnail","6":"product_cat-needle-holder-forceps","7":"product_cat-orthodontic-pliers","9":"first","10":"instock","11":"taxable","12":"shipping-taxable","13":"purchasable","14":"product-type-simple"},"_links":{"self":[{"href":"https:\/\/ar-instrumed.de\/fr\/wp-json\/wp\/v2\/product\/35591","targetHints":{"allow":["GET"]}}],"collection":[{"href":"https:\/\/ar-instrumed.de\/fr\/wp-json\/wp\/v2\/product"}],"about":[{"href":"https:\/\/ar-instrumed.de\/fr\/wp-json\/wp\/v2\/types\/product"}],"replies":[{"embeddable":true,"href":"https:\/\/ar-instrumed.de\/fr\/wp-json\/wp\/v2\/comments?post=35591"}],"version-history":[{"count":2,"href":"https:\/\/ar-instrumed.de\/fr\/wp-json\/wp\/v2\/product\/35591\/revisions"}],"predecessor-version":[{"id":55741,"href":"https:\/\/ar-instrumed.de\/fr\/wp-json\/wp\/v2\/product\/35591\/revisions\/55741"}],"wp:featuredmedia":[{"embeddable":true,"href":"https:\/\/ar-instrumed.de\/fr\/wp-json\/wp\/v2\/media\/35661"}],"wp:attachment":[{"href":"https:\/\/ar-instrumed.de\/fr\/wp-json\/wp\/v2\/media?parent=35591"}],"wp:term":[{"taxonomy":"product_brand","embeddable":true,"href":"https:\/\/ar-instrumed.de\/fr\/wp-json\/wp\/v2\/product_brand?post=35591"},{"taxonomy":"product_cat","embeddable":true,"href":"https:\/\/ar-instrumed.de\/fr\/wp-json\/wp\/v2\/product_cat?post=35591"},{"taxonomy":"product_tag","embeddable":true,"href":"https:\/\/ar-instrumed.de\/fr\/wp-json\/wp\/v2\/product_tag?post=35591"}],"curies":[{"name":"wp","href":"https:\/\/api.w.org\/{rel}","templated":true}]}}