{"id":35429,"date":"2025-09-04T17:27:57","date_gmt":"2025-09-04T17:27:57","guid":{"rendered":"https:\/\/ar-instrumed.de\/demo\/?post_type=product&#038;p=35429"},"modified":"2025-09-22T20:13:20","modified_gmt":"2025-09-22T20:13:20","slug":"extraction-elevator-2mm-left","status":"publish","type":"product","link":"https:\/\/ar-instrumed.de\/fr\/product\/extraction-elevator-2mm-left\/","title":{"rendered":"\u00c9l\u00e9vateur d'extraction 2mm gauche"},"content":{"rendered":"<p>\u00c9l\u00e9vateur de racines Manche creux anatomique avec rev\u00eatement en nitrure de zircone \u00e0 l'extr\u00e9mit\u00e9 2 mm droite Mat\u00e9riau : Acier inoxydable m\u00e9dical de haute qualit\u00e9, r\u00e9sistant \u00e0 la corrosion Autoclavable<\/p>","protected":false},"excerpt":{"rendered":"<p>Root elevator Anatomical hollow handle with zirconia nitride coating on tip 2 mm right Material: High-quality medical stainless steel, corrosion-resistant<\/p>","protected":false},"featured_media":35503,"comment_status":"open","ping_status":"closed","template":"","meta":[],"product_brand":[],"product_cat":[225,234],"product_tag":[],"class_list":{"0":"post-35429","1":"product","2":"type-product","3":"status-publish","4":"has-post-thumbnail","6":"product_cat-extraction","7":"product_cat-root-elevators","9":"first","10":"instock","11":"taxable","12":"shipping-taxable","13":"purchasable","14":"product-type-simple"},"_links":{"self":[{"href":"https:\/\/ar-instrumed.de\/fr\/wp-json\/wp\/v2\/product\/35429","targetHints":{"allow":["GET"]}}],"collection":[{"href":"https:\/\/ar-instrumed.de\/fr\/wp-json\/wp\/v2\/product"}],"about":[{"href":"https:\/\/ar-instrumed.de\/fr\/wp-json\/wp\/v2\/types\/product"}],"replies":[{"embeddable":true,"href":"https:\/\/ar-instrumed.de\/fr\/wp-json\/wp\/v2\/comments?post=35429"}],"version-history":[{"count":2,"href":"https:\/\/ar-instrumed.de\/fr\/wp-json\/wp\/v2\/product\/35429\/revisions"}],"predecessor-version":[{"id":55781,"href":"https:\/\/ar-instrumed.de\/fr\/wp-json\/wp\/v2\/product\/35429\/revisions\/55781"}],"wp:featuredmedia":[{"embeddable":true,"href":"https:\/\/ar-instrumed.de\/fr\/wp-json\/wp\/v2\/media\/35503"}],"wp:attachment":[{"href":"https:\/\/ar-instrumed.de\/fr\/wp-json\/wp\/v2\/media?parent=35429"}],"wp:term":[{"taxonomy":"product_brand","embeddable":true,"href":"https:\/\/ar-instrumed.de\/fr\/wp-json\/wp\/v2\/product_brand?post=35429"},{"taxonomy":"product_cat","embeddable":true,"href":"https:\/\/ar-instrumed.de\/fr\/wp-json\/wp\/v2\/product_cat?post=35429"},{"taxonomy":"product_tag","embeddable":true,"href":"https:\/\/ar-instrumed.de\/fr\/wp-json\/wp\/v2\/product_tag?post=35429"}],"curies":[{"name":"wp","href":"https:\/\/api.w.org\/{rel}","templated":true}]}}