{"id":35416,"date":"2025-09-04T17:27:50","date_gmt":"2025-09-04T17:27:50","guid":{"rendered":"https:\/\/ar-instrumed.de\/demo\/?post_type=product&#038;p=35416"},"modified":"2025-09-22T20:13:29","modified_gmt":"2025-09-22T20:13:29","slug":"mouth-mirror-no-5-magnifying-24mm-universal","status":"publish","type":"product","link":"https:\/\/ar-instrumed.de\/fr\/product\/mouth-mirror-no-5-magnifying-24mm-universal\/","title":{"rendered":"Miroir de bouche No.5 grossissant 24mm universel"},"content":{"rendered":"<p>Miroir buccal (10 pi\u00e8ces) Loupe No.5\/24 mm Universel en acier inoxydable autoclavable st\u00e9rilisable \u00e0 l'air chaud avec filetage standardis\u00e9<\/p>","protected":false},"excerpt":{"rendered":"<p>Miroir buccal (10 pi\u00e8ces) Loupe No.5\/24 mm Universel en acier inoxydable autoclavable st\u00e9rilisable \u00e0 l'air chaud avec filetage standardis\u00e9<\/p>","protected":false},"featured_media":35463,"comment_status":"open","ping_status":"closed","template":"","meta":[],"product_brand":[],"product_cat":[242,276],"product_tag":[],"class_list":{"0":"post-35416","1":"product","2":"type-product","3":"status-publish","4":"has-post-thumbnail","6":"product_cat-diagnostic","7":"product_cat-mouth-mirror-handle","9":"first","10":"instock","11":"taxable","12":"shipping-taxable","13":"purchasable","14":"product-type-simple"},"_links":{"self":[{"href":"https:\/\/ar-instrumed.de\/fr\/wp-json\/wp\/v2\/product\/35416","targetHints":{"allow":["GET"]}}],"collection":[{"href":"https:\/\/ar-instrumed.de\/fr\/wp-json\/wp\/v2\/product"}],"about":[{"href":"https:\/\/ar-instrumed.de\/fr\/wp-json\/wp\/v2\/types\/product"}],"replies":[{"embeddable":true,"href":"https:\/\/ar-instrumed.de\/fr\/wp-json\/wp\/v2\/comments?post=35416"}],"version-history":[{"count":2,"href":"https:\/\/ar-instrumed.de\/fr\/wp-json\/wp\/v2\/product\/35416\/revisions"}],"predecessor-version":[{"id":55797,"href":"https:\/\/ar-instrumed.de\/fr\/wp-json\/wp\/v2\/product\/35416\/revisions\/55797"}],"wp:featuredmedia":[{"embeddable":true,"href":"https:\/\/ar-instrumed.de\/fr\/wp-json\/wp\/v2\/media\/35463"}],"wp:attachment":[{"href":"https:\/\/ar-instrumed.de\/fr\/wp-json\/wp\/v2\/media?parent=35416"}],"wp:term":[{"taxonomy":"product_brand","embeddable":true,"href":"https:\/\/ar-instrumed.de\/fr\/wp-json\/wp\/v2\/product_brand?post=35416"},{"taxonomy":"product_cat","embeddable":true,"href":"https:\/\/ar-instrumed.de\/fr\/wp-json\/wp\/v2\/product_cat?post=35416"},{"taxonomy":"product_tag","embeddable":true,"href":"https:\/\/ar-instrumed.de\/fr\/wp-json\/wp\/v2\/product_tag?post=35416"}],"curies":[{"name":"wp","href":"https:\/\/api.w.org\/{rel}","templated":true}]}}