{"id":35381,"date":"2025-09-04T17:27:20","date_gmt":"2025-09-04T17:27:20","guid":{"rendered":"https:\/\/ar-instrumed.de\/demo\/?post_type=product&#038;p=35381"},"modified":"2025-09-22T20:13:35","modified_gmt":"2025-09-22T20:13:35","slug":"castro-scissor-curved-tungsten-carbide-15cm","status":"publish","type":"product","link":"https:\/\/ar-instrumed.de\/fr\/product\/castro-scissor-curved-tungsten-carbide-15cm\/","title":{"rendered":"Ciseaux Castro courb\u00e9s en carbure de tungst\u00e8ne 15cm"},"content":{"rendered":"<p>Ciseaux Castro TC courb\u00e9s (TC = inserts en carbure de tungst\u00e8ne, m\u00e9tal dur) Inserts en m\u00e9tal dur - cet instrument de haute qualit\u00e9 garantit une longue dur\u00e9e de vie Longueur 15 cm pointu\/point\u00e9 plaqu\u00e9 or Mat\u00e9riau : Acier inoxydable m\u00e9dical de haute qualit\u00e9, r\u00e9sistant \u00e0 la corrosion Autoclavable, st\u00e9rilisable<\/p>","protected":false},"excerpt":{"rendered":"<p>Castro Scissors TC curved (TC = tungsten carbide inserts, hard metal) Hard metal insert &#8211; this high-quality instrument guarantees a<\/p>","protected":false},"featured_media":35392,"comment_status":"open","ping_status":"closed","template":"","meta":[],"product_brand":[],"product_cat":[265,257,227],"product_tag":[],"class_list":{"0":"post-35381","1":"product","2":"type-product","3":"status-publish","4":"has-post-thumbnail","6":"product_cat-micro-surgery","7":"product_cat-scissors","8":"product_cat-surgery","10":"first","11":"instock","12":"taxable","13":"shipping-taxable","14":"purchasable","15":"product-type-simple"},"_links":{"self":[{"href":"https:\/\/ar-instrumed.de\/fr\/wp-json\/wp\/v2\/product\/35381","targetHints":{"allow":["GET"]}}],"collection":[{"href":"https:\/\/ar-instrumed.de\/fr\/wp-json\/wp\/v2\/product"}],"about":[{"href":"https:\/\/ar-instrumed.de\/fr\/wp-json\/wp\/v2\/types\/product"}],"replies":[{"embeddable":true,"href":"https:\/\/ar-instrumed.de\/fr\/wp-json\/wp\/v2\/comments?post=35381"}],"version-history":[{"count":2,"href":"https:\/\/ar-instrumed.de\/fr\/wp-json\/wp\/v2\/product\/35381\/revisions"}],"predecessor-version":[{"id":55814,"href":"https:\/\/ar-instrumed.de\/fr\/wp-json\/wp\/v2\/product\/35381\/revisions\/55814"}],"wp:featuredmedia":[{"embeddable":true,"href":"https:\/\/ar-instrumed.de\/fr\/wp-json\/wp\/v2\/media\/35392"}],"wp:attachment":[{"href":"https:\/\/ar-instrumed.de\/fr\/wp-json\/wp\/v2\/media?parent=35381"}],"wp:term":[{"taxonomy":"product_brand","embeddable":true,"href":"https:\/\/ar-instrumed.de\/fr\/wp-json\/wp\/v2\/product_brand?post=35381"},{"taxonomy":"product_cat","embeddable":true,"href":"https:\/\/ar-instrumed.de\/fr\/wp-json\/wp\/v2\/product_cat?post=35381"},{"taxonomy":"product_tag","embeddable":true,"href":"https:\/\/ar-instrumed.de\/fr\/wp-json\/wp\/v2\/product_tag?post=35381"}],"curies":[{"name":"wp","href":"https:\/\/api.w.org\/{rel}","templated":true}]}}