{"id":35174,"date":"2025-09-04T17:20:39","date_gmt":"2025-09-04T17:20:39","guid":{"rendered":"https:\/\/ar-instrumed.de\/demo\/?post_type=product&#038;p=35174"},"modified":"2025-09-22T20:14:31","modified_gmt":"2025-09-22T20:14:31","slug":"impression-trays-perforated-l6d-large","status":"publish","type":"product","link":"https:\/\/ar-instrumed.de\/fr\/product\/impression-trays-perforated-l6d-large\/","title":{"rendered":"Porte-empreintes perfor\u00e9 L6D Large"},"content":{"rendered":"<p>Porte-empreinte L6D Mat\u00e9riau : Acier inoxydable de haute qualit\u00e9 m\u00e9dicale, r\u00e9sistant \u00e0 la corrosion. La bride de r\u00e9tention du porte-empreinte maintient le mat\u00e9riau d'empreinte en place, m\u00eame sans adh\u00e9sif. Les poign\u00e9es et les barres soud\u00e9es assurent une connexion stable entre la poign\u00e9e et le porte-empreinte. Autoclavable.<\/p>","protected":false},"excerpt":{"rendered":"<p>Impression Tray L6D Material: High-quality medical-grade stainless steel, corrosion-resistant. The retention flange on the tray holds the impression material in<\/p>","protected":false},"featured_media":35207,"comment_status":"open","ping_status":"closed","template":"","meta":[],"product_brand":[],"product_cat":[255],"product_tag":[],"class_list":{"0":"post-35174","1":"product","2":"type-product","3":"status-publish","4":"has-post-thumbnail","6":"product_cat-impression-trays","8":"first","9":"instock","10":"taxable","11":"shipping-taxable","12":"purchasable","13":"product-type-simple"},"_links":{"self":[{"href":"https:\/\/ar-instrumed.de\/fr\/wp-json\/wp\/v2\/product\/35174","targetHints":{"allow":["GET"]}}],"collection":[{"href":"https:\/\/ar-instrumed.de\/fr\/wp-json\/wp\/v2\/product"}],"about":[{"href":"https:\/\/ar-instrumed.de\/fr\/wp-json\/wp\/v2\/types\/product"}],"replies":[{"embeddable":true,"href":"https:\/\/ar-instrumed.de\/fr\/wp-json\/wp\/v2\/comments?post=35174"}],"version-history":[{"count":2,"href":"https:\/\/ar-instrumed.de\/fr\/wp-json\/wp\/v2\/product\/35174\/revisions"}],"predecessor-version":[{"id":55878,"href":"https:\/\/ar-instrumed.de\/fr\/wp-json\/wp\/v2\/product\/35174\/revisions\/55878"}],"wp:featuredmedia":[{"embeddable":true,"href":"https:\/\/ar-instrumed.de\/fr\/wp-json\/wp\/v2\/media\/35207"}],"wp:attachment":[{"href":"https:\/\/ar-instrumed.de\/fr\/wp-json\/wp\/v2\/media?parent=35174"}],"wp:term":[{"taxonomy":"product_brand","embeddable":true,"href":"https:\/\/ar-instrumed.de\/fr\/wp-json\/wp\/v2\/product_brand?post=35174"},{"taxonomy":"product_cat","embeddable":true,"href":"https:\/\/ar-instrumed.de\/fr\/wp-json\/wp\/v2\/product_cat?post=35174"},{"taxonomy":"product_tag","embeddable":true,"href":"https:\/\/ar-instrumed.de\/fr\/wp-json\/wp\/v2\/product_tag?post=35174"}],"curies":[{"name":"wp","href":"https:\/\/api.w.org\/{rel}","templated":true}]}}