{"id":35163,"date":"2025-09-04T17:19:23","date_gmt":"2025-09-04T17:19:23","guid":{"rendered":"https:\/\/ar-instrumed.de\/demo\/?post_type=product&#038;p=35163"},"modified":"2025-09-22T20:14:32","modified_gmt":"2025-09-22T20:14:32","slug":"impression-tray-rimlock-perforated-set-of-6-s-m-l-upper-lower-2","status":"publish","type":"product","link":"https:\/\/ar-instrumed.de\/fr\/product\/impression-tray-rimlock-perforated-set-of-6-s-m-l-upper-lower-2\/","title":{"rendered":"Porte-empreinte Rimlock perfor\u00e9 Jeu de 6 S-M-L sup\u00e9rieur\/inf\u00e9rieur"},"content":{"rendered":"<p>Porte-empreinte jeu de 6 pi\u00e8ces perfor\u00e9es S-M-L UK \/ OK en acier inoxydable Mat\u00e9riau : Acier inoxydable m\u00e9dical de haute qualit\u00e9, r\u00e9sistant \u00e0 la corrosion.<\/p>","protected":false},"excerpt":{"rendered":"<p>Porte-empreinte jeu de 6 pi\u00e8ces perfor\u00e9es S-M-L UK \/ OK en acier inoxydable Mat\u00e9riau : Acier inoxydable m\u00e9dical de haute qualit\u00e9, r\u00e9sistant \u00e0 la corrosion.<\/p>","protected":false},"featured_media":35199,"comment_status":"open","ping_status":"closed","template":"","meta":[],"product_brand":[],"product_cat":[224,255],"product_tag":[],"class_list":{"0":"post-35163","1":"product","2":"type-product","3":"status-publish","4":"has-post-thumbnail","6":"product_cat-instruments-set","7":"product_cat-impression-trays","9":"first","10":"instock","11":"taxable","12":"shipping-taxable","13":"purchasable","14":"product-type-simple"},"_links":{"self":[{"href":"https:\/\/ar-instrumed.de\/fr\/wp-json\/wp\/v2\/product\/35163","targetHints":{"allow":["GET"]}}],"collection":[{"href":"https:\/\/ar-instrumed.de\/fr\/wp-json\/wp\/v2\/product"}],"about":[{"href":"https:\/\/ar-instrumed.de\/fr\/wp-json\/wp\/v2\/types\/product"}],"replies":[{"embeddable":true,"href":"https:\/\/ar-instrumed.de\/fr\/wp-json\/wp\/v2\/comments?post=35163"}],"version-history":[{"count":2,"href":"https:\/\/ar-instrumed.de\/fr\/wp-json\/wp\/v2\/product\/35163\/revisions"}],"predecessor-version":[{"id":55884,"href":"https:\/\/ar-instrumed.de\/fr\/wp-json\/wp\/v2\/product\/35163\/revisions\/55884"}],"wp:featuredmedia":[{"embeddable":true,"href":"https:\/\/ar-instrumed.de\/fr\/wp-json\/wp\/v2\/media\/35199"}],"wp:attachment":[{"href":"https:\/\/ar-instrumed.de\/fr\/wp-json\/wp\/v2\/media?parent=35163"}],"wp:term":[{"taxonomy":"product_brand","embeddable":true,"href":"https:\/\/ar-instrumed.de\/fr\/wp-json\/wp\/v2\/product_brand?post=35163"},{"taxonomy":"product_cat","embeddable":true,"href":"https:\/\/ar-instrumed.de\/fr\/wp-json\/wp\/v2\/product_cat?post=35163"},{"taxonomy":"product_tag","embeddable":true,"href":"https:\/\/ar-instrumed.de\/fr\/wp-json\/wp\/v2\/product_tag?post=35163"}],"curies":[{"name":"wp","href":"https:\/\/api.w.org\/{rel}","templated":true}]}}