{"id":35026,"date":"2025-09-04T17:05:34","date_gmt":"2025-09-04T17:05:34","guid":{"rendered":"https:\/\/ar-instrumed.de\/demo\/?post_type=product&#038;p=35026"},"modified":"2025-09-22T20:14:49","modified_gmt":"2025-09-22T20:14:49","slug":"p-k-thomas-set-of-5-6mm-handle-leather-case","status":"publish","type":"product","link":"https:\/\/ar-instrumed.de\/fr\/product\/p-k-thomas-set-of-5-6mm-handle-leather-case\/","title":{"rendered":"P.K Thomas Set de 5 \u00e9tuis en cuir \u00e0 poign\u00e9e de 6 mm"},"content":{"rendered":"<p>P.K Thomas set de 5 pi\u00e8ces Manche creux de 6 mm avec \u00e9tui en cuir Mat\u00e9riau : Acier inoxydable m\u00e9dical de haute qualit\u00e9, r\u00e9sistant \u00e0 la corrosion Autoclavable, st\u00e9rilisable<\/p>","protected":false},"excerpt":{"rendered":"<p>P.K Thomas set of 5 pieces 6 mm hollow handle with leather case Material: High-quality medical stainless steel, corrosion-resistant Autoclavable,<\/p>","protected":false},"featured_media":35097,"comment_status":"open","ping_status":"closed","template":"","meta":[],"product_brand":[],"product_cat":[224,258],"product_tag":[],"class_list":{"0":"post-35026","1":"product","2":"type-product","3":"status-publish","4":"has-post-thumbnail","6":"product_cat-instruments-set","7":"product_cat-laboratory-instruments","9":"first","10":"instock","11":"taxable","12":"shipping-taxable","13":"purchasable","14":"product-type-simple"},"_links":{"self":[{"href":"https:\/\/ar-instrumed.de\/fr\/wp-json\/wp\/v2\/product\/35026","targetHints":{"allow":["GET"]}}],"collection":[{"href":"https:\/\/ar-instrumed.de\/fr\/wp-json\/wp\/v2\/product"}],"about":[{"href":"https:\/\/ar-instrumed.de\/fr\/wp-json\/wp\/v2\/types\/product"}],"replies":[{"embeddable":true,"href":"https:\/\/ar-instrumed.de\/fr\/wp-json\/wp\/v2\/comments?post=35026"}],"version-history":[{"count":2,"href":"https:\/\/ar-instrumed.de\/fr\/wp-json\/wp\/v2\/product\/35026\/revisions"}],"predecessor-version":[{"id":55915,"href":"https:\/\/ar-instrumed.de\/fr\/wp-json\/wp\/v2\/product\/35026\/revisions\/55915"}],"wp:featuredmedia":[{"embeddable":true,"href":"https:\/\/ar-instrumed.de\/fr\/wp-json\/wp\/v2\/media\/35097"}],"wp:attachment":[{"href":"https:\/\/ar-instrumed.de\/fr\/wp-json\/wp\/v2\/media?parent=35026"}],"wp:term":[{"taxonomy":"product_brand","embeddable":true,"href":"https:\/\/ar-instrumed.de\/fr\/wp-json\/wp\/v2\/product_brand?post=35026"},{"taxonomy":"product_cat","embeddable":true,"href":"https:\/\/ar-instrumed.de\/fr\/wp-json\/wp\/v2\/product_cat?post=35026"},{"taxonomy":"product_tag","embeddable":true,"href":"https:\/\/ar-instrumed.de\/fr\/wp-json\/wp\/v2\/product_tag?post=35026"}],"curies":[{"name":"wp","href":"https:\/\/api.w.org\/{rel}","templated":true}]}}