{"id":34973,"date":"2025-09-04T17:01:58","date_gmt":"2025-09-04T17:01:58","guid":{"rendered":"https:\/\/ar-instrumed.de\/demo\/?post_type=product&#038;p=34973"},"modified":"2025-09-22T20:14:56","modified_gmt":"2025-09-22T20:14:56","slug":"luxators-plastic-handle-set-of-13","status":"publish","type":"product","link":"https:\/\/ar-instrumed.de\/fr\/product\/luxators-plastic-handle-set-of-13\/","title":{"rendered":"Poign\u00e9e en plastique Luxators Set de 13"},"content":{"rendered":"<p><iframe title=\"Luxateur de plastique dentaire\" width=\"500\" height=\"281\" src=\"https:\/\/www.youtube.com\/embed\/nBqBDY7W0OU?feature=oembed\" frameborder=\"0\" allow=\"accelerometer; autoplay; clipboard-write; encrypted-media; gyroscope; picture-in-picture; web-share\" referrerpolicy=\"strict-origin-when-cross-origin\" allowfullscreen><\/iframe><\/p>\n<p>Luxator Set de 13 \u00e9l\u00e9vateurs de racines en plastique Mat\u00e9riau : \u00c9l\u00e9vateur de racines en plastique st\u00e9rilisable Autoclavable<\/p>\n<div>\n<div>101-246-1 \u00c9l\u00e9vateur de racines en plastique 2 mm droit<\/div>\n<div>101-246 \u00c9l\u00e9vateur de racine en plastique 2,5 mm droit<\/div>\n<div>101-247 \u00c9l\u00e9vateur de racine en plastique 2,5 mm courb\u00e9<\/div>\n<div>101-248 \u00c9l\u00e9vateur de racine en plastique 3 mm droit<\/div>\n<div>101-249 \u00c9l\u00e9vateur de racine en plastique 3 mm courb\u00e9<\/div>\n<div>101-250 \u00c9l\u00e9vateur de racine en plastique 5 mm droit<\/div>\n<div>101-251 \u00c9l\u00e9vateur de racine, plastique, 5 mm courb\u00e9<\/div>\n<p>101-252 \u00c9l\u00e9vateur de racines, plastique, 2 mm courb\u00e9 vers l'arri\u00e8re<\/p><\/div>\n<p>101-253-1 \u00c9l\u00e9vateur de racine, plastique, 4 mm courb\u00e9<\/p><\/div>\n<p>101-253 \u00c9l\u00e9vateur de racines, plastique, 3 mm courb\u00e9 vers l'avant<\/p><\/div>\n<p>101-254 \u00c9l\u00e9vateur de racines, plastique, 1,5\/3 mm droit<\/p><\/div>\n<p>101-255 \u00c9l\u00e9vateur de racines, plastique, 2\/3 mm droit<\/p><\/div>\n<p>101-256 \u00c9l\u00e9vateur de racines, plastique, 3\/5 mm droit<\/p><\/div>\n<p>101-257<\/p>","protected":false},"excerpt":{"rendered":"<p>Luxator Set of 13 Plastic Root Elevators Material: Sterilizable Plastic Root Elevator Autoclavable 101-246-1 Plastic Root Elevator 2 mm straight<\/p>","protected":false},"featured_media":35043,"comment_status":"open","ping_status":"closed","template":"","meta":[],"product_brand":[],"product_cat":[224,225,277,234,269],"product_tag":[],"class_list":{"0":"post-34973","1":"product","2":"type-product","3":"status-publish","4":"has-post-thumbnail","6":"product_cat-instruments-set","7":"product_cat-extraction","8":"product_cat-elevators-plastic","9":"product_cat-root-elevators","10":"product_cat-new-products","12":"first","13":"instock","14":"taxable","15":"shipping-taxable","16":"purchasable","17":"product-type-simple"},"_links":{"self":[{"href":"https:\/\/ar-instrumed.de\/fr\/wp-json\/wp\/v2\/product\/34973","targetHints":{"allow":["GET"]}}],"collection":[{"href":"https:\/\/ar-instrumed.de\/fr\/wp-json\/wp\/v2\/product"}],"about":[{"href":"https:\/\/ar-instrumed.de\/fr\/wp-json\/wp\/v2\/types\/product"}],"replies":[{"embeddable":true,"href":"https:\/\/ar-instrumed.de\/fr\/wp-json\/wp\/v2\/comments?post=34973"}],"version-history":[{"count":2,"href":"https:\/\/ar-instrumed.de\/fr\/wp-json\/wp\/v2\/product\/34973\/revisions"}],"predecessor-version":[{"id":55930,"href":"https:\/\/ar-instrumed.de\/fr\/wp-json\/wp\/v2\/product\/34973\/revisions\/55930"}],"wp:featuredmedia":[{"embeddable":true,"href":"https:\/\/ar-instrumed.de\/fr\/wp-json\/wp\/v2\/media\/35043"}],"wp:attachment":[{"href":"https:\/\/ar-instrumed.de\/fr\/wp-json\/wp\/v2\/media?parent=34973"}],"wp:term":[{"taxonomy":"product_brand","embeddable":true,"href":"https:\/\/ar-instrumed.de\/fr\/wp-json\/wp\/v2\/product_brand?post=34973"},{"taxonomy":"product_cat","embeddable":true,"href":"https:\/\/ar-instrumed.de\/fr\/wp-json\/wp\/v2\/product_cat?post=34973"},{"taxonomy":"product_tag","embeddable":true,"href":"https:\/\/ar-instrumed.de\/fr\/wp-json\/wp\/v2\/product_tag?post=34973"}],"curies":[{"name":"wp","href":"https:\/\/api.w.org\/{rel}","templated":true}]}}