{"id":34829,"date":"2025-09-04T16:57:44","date_gmt":"2025-09-04T16:57:44","guid":{"rendered":"https:\/\/ar-instrumed.de\/demo\/?post_type=product&#038;p=34829"},"modified":"2025-09-22T20:15:21","modified_gmt":"2025-09-22T20:15:21","slug":"iris-curved-serrated-12cm","status":"publish","type":"product","link":"https:\/\/ar-instrumed.de\/fr\/product\/iris-curved-serrated-12cm\/","title":{"rendered":"Iris \u00e0 denture courbe 12cm"},"content":{"rendered":"<p><span style=\"caret-color: rgb(111, 111, 111); color: rgb(111, 111, 111); font-family: Helvetica, Arial, sans-serif; font-size: 14px;\">Ciseaux \u00e0 iris, courb\u00e9s TC (TC = inserts en carbure de tungst\u00e8ne, m\u00e9tal dur) Inserts en m\u00e9tal dur - cet instrument de haute qualit\u00e9 garantit une longue dur\u00e9e de vie Coupe nette et douce Longueur 12 cm Pointes\/pointes Poign\u00e9es plaqu\u00e9es or Mat\u00e9riau : Acier inoxydable m\u00e9dical de haute qualit\u00e9, r\u00e9sistant \u00e0 la corrosion Autoclavable, st\u00e9rilisable<\/span><\/p>","protected":false},"excerpt":{"rendered":"<p>Iris scissors, curved TC (TC = tungsten carbide inserts, hard metal) Hard metal insert &#8211; this high-quality instrument guarantees a<\/p>","protected":false},"featured_media":34945,"comment_status":"open","ping_status":"closed","template":"","meta":[],"product_brand":[],"product_cat":[257,227],"product_tag":[],"class_list":{"0":"post-34829","1":"product","2":"type-product","3":"status-publish","4":"has-post-thumbnail","6":"product_cat-scissors","7":"product_cat-surgery","9":"first","10":"instock","11":"taxable","12":"shipping-taxable","13":"purchasable","14":"product-type-simple"},"_links":{"self":[{"href":"https:\/\/ar-instrumed.de\/fr\/wp-json\/wp\/v2\/product\/34829","targetHints":{"allow":["GET"]}}],"collection":[{"href":"https:\/\/ar-instrumed.de\/fr\/wp-json\/wp\/v2\/product"}],"about":[{"href":"https:\/\/ar-instrumed.de\/fr\/wp-json\/wp\/v2\/types\/product"}],"replies":[{"embeddable":true,"href":"https:\/\/ar-instrumed.de\/fr\/wp-json\/wp\/v2\/comments?post=34829"}],"version-history":[{"count":2,"href":"https:\/\/ar-instrumed.de\/fr\/wp-json\/wp\/v2\/product\/34829\/revisions"}],"predecessor-version":[{"id":55962,"href":"https:\/\/ar-instrumed.de\/fr\/wp-json\/wp\/v2\/product\/34829\/revisions\/55962"}],"wp:featuredmedia":[{"embeddable":true,"href":"https:\/\/ar-instrumed.de\/fr\/wp-json\/wp\/v2\/media\/34945"}],"wp:attachment":[{"href":"https:\/\/ar-instrumed.de\/fr\/wp-json\/wp\/v2\/media?parent=34829"}],"wp:term":[{"taxonomy":"product_brand","embeddable":true,"href":"https:\/\/ar-instrumed.de\/fr\/wp-json\/wp\/v2\/product_brand?post=34829"},{"taxonomy":"product_cat","embeddable":true,"href":"https:\/\/ar-instrumed.de\/fr\/wp-json\/wp\/v2\/product_cat?post=34829"},{"taxonomy":"product_tag","embeddable":true,"href":"https:\/\/ar-instrumed.de\/fr\/wp-json\/wp\/v2\/product_tag?post=34829"}],"curies":[{"name":"wp","href":"https:\/\/api.w.org\/{rel}","templated":true}]}}