{"id":31314,"date":"2025-09-04T15:49:32","date_gmt":"2025-09-04T15:49:32","guid":{"rendered":"https:\/\/ar-instrumed.de\/demo\/?post_type=product&#038;p=31314"},"modified":"2025-09-22T20:27:04","modified_gmt":"2025-09-22T20:27:04","slug":"band-pusher-mini-scaler-6mm-hollow-handle","status":"publish","type":"product","link":"https:\/\/ar-instrumed.de\/fr\/product\/band-pusher-mini-scaler-6mm-hollow-handle\/","title":{"rendered":"Poussoir \u00e0 bande mini d\u00e9tartreur 6mm Poign\u00e9e creuse"},"content":{"rendered":"<p>Poussoir \u00e0 bande mini d\u00e9tartreur 6mm Poign\u00e9e creuse<\/p>","protected":false},"excerpt":{"rendered":"<p>Poussoir \u00e0 bande mini d\u00e9tartreur 6mm Poign\u00e9e creuse<\/p>","protected":false},"featured_media":31354,"comment_status":"open","ping_status":"closed","template":"","meta":[],"product_brand":[],"product_cat":[229],"product_tag":[],"class_list":{"0":"post-31314","1":"product","2":"type-product","3":"status-publish","4":"has-post-thumbnail","6":"product_cat-orthodontic-pliers","8":"first","9":"instock","10":"taxable","11":"shipping-taxable","12":"purchasable","13":"product-type-simple"},"_links":{"self":[{"href":"https:\/\/ar-instrumed.de\/fr\/wp-json\/wp\/v2\/product\/31314","targetHints":{"allow":["GET"]}}],"collection":[{"href":"https:\/\/ar-instrumed.de\/fr\/wp-json\/wp\/v2\/product"}],"about":[{"href":"https:\/\/ar-instrumed.de\/fr\/wp-json\/wp\/v2\/types\/product"}],"replies":[{"embeddable":true,"href":"https:\/\/ar-instrumed.de\/fr\/wp-json\/wp\/v2\/comments?post=31314"}],"version-history":[{"count":2,"href":"https:\/\/ar-instrumed.de\/fr\/wp-json\/wp\/v2\/product\/31314\/revisions"}],"predecessor-version":[{"id":57069,"href":"https:\/\/ar-instrumed.de\/fr\/wp-json\/wp\/v2\/product\/31314\/revisions\/57069"}],"wp:featuredmedia":[{"embeddable":true,"href":"https:\/\/ar-instrumed.de\/fr\/wp-json\/wp\/v2\/media\/31354"}],"wp:attachment":[{"href":"https:\/\/ar-instrumed.de\/fr\/wp-json\/wp\/v2\/media?parent=31314"}],"wp:term":[{"taxonomy":"product_brand","embeddable":true,"href":"https:\/\/ar-instrumed.de\/fr\/wp-json\/wp\/v2\/product_brand?post=31314"},{"taxonomy":"product_cat","embeddable":true,"href":"https:\/\/ar-instrumed.de\/fr\/wp-json\/wp\/v2\/product_cat?post=31314"},{"taxonomy":"product_tag","embeddable":true,"href":"https:\/\/ar-instrumed.de\/fr\/wp-json\/wp\/v2\/product_tag?post=31314"}],"curies":[{"name":"wp","href":"https:\/\/api.w.org\/{rel}","templated":true}]}}