{"id":31285,"date":"2025-09-03T19:40:56","date_gmt":"2025-09-03T19:40:56","guid":{"rendered":"https:\/\/ar-instrumed.de\/demo\/?post_type=product&#038;p=31285"},"modified":"2025-10-13T10:01:16","modified_gmt":"2025-10-13T10:01:16","slug":"mirror-handle-round-solid-6mm-cone-socket","status":"publish","type":"product","link":"https:\/\/ar-instrumed.de\/fr\/product\/mirror-handle-round-solid-6mm-cone-socket\/","title":{"rendered":"Poign\u00e9e de miroir ronde solide 6mm \u00e0 douille conique"},"content":{"rendered":"<p>Porte-miroir \u00e0 bouche solide Manche \u00e0 miroir C\u00f4ne-douille 6 mm Mat\u00e9riau : Acier inoxydable m\u00e9dical de haute qualit\u00e9, r\u00e9sistant \u00e0 la corrosion Autoclavable, st\u00e9rilisable<\/p>","protected":false},"excerpt":{"rendered":"<p>Porte-miroir \u00e0 bouche solide Manche \u00e0 miroir C\u00f4ne-douille 6 mm Mat\u00e9riau : Acier inoxydable m\u00e9dical de haute qualit\u00e9, r\u00e9sistant \u00e0 la corrosion Autoclavable, st\u00e9rilisable<\/p>","protected":false},"featured_media":36279,"comment_status":"open","ping_status":"closed","template":"","meta":[],"product_brand":[],"product_cat":[242,276],"product_tag":[],"class_list":{"0":"post-31285","1":"product","2":"type-product","3":"status-publish","4":"has-post-thumbnail","6":"product_cat-diagnostic","7":"product_cat-mouth-mirror-handle","9":"first","10":"instock","11":"taxable","12":"shipping-taxable","13":"purchasable","14":"product-type-simple"},"_links":{"self":[{"href":"https:\/\/ar-instrumed.de\/fr\/wp-json\/wp\/v2\/product\/31285","targetHints":{"allow":["GET"]}}],"collection":[{"href":"https:\/\/ar-instrumed.de\/fr\/wp-json\/wp\/v2\/product"}],"about":[{"href":"https:\/\/ar-instrumed.de\/fr\/wp-json\/wp\/v2\/types\/product"}],"replies":[{"embeddable":true,"href":"https:\/\/ar-instrumed.de\/fr\/wp-json\/wp\/v2\/comments?post=31285"}],"version-history":[{"count":2,"href":"https:\/\/ar-instrumed.de\/fr\/wp-json\/wp\/v2\/product\/31285\/revisions"}],"predecessor-version":[{"id":55531,"href":"https:\/\/ar-instrumed.de\/fr\/wp-json\/wp\/v2\/product\/31285\/revisions\/55531"}],"wp:featuredmedia":[{"embeddable":true,"href":"https:\/\/ar-instrumed.de\/fr\/wp-json\/wp\/v2\/media\/36279"}],"wp:attachment":[{"href":"https:\/\/ar-instrumed.de\/fr\/wp-json\/wp\/v2\/media?parent=31285"}],"wp:term":[{"taxonomy":"product_brand","embeddable":true,"href":"https:\/\/ar-instrumed.de\/fr\/wp-json\/wp\/v2\/product_brand?post=31285"},{"taxonomy":"product_cat","embeddable":true,"href":"https:\/\/ar-instrumed.de\/fr\/wp-json\/wp\/v2\/product_cat?post=31285"},{"taxonomy":"product_tag","embeddable":true,"href":"https:\/\/ar-instrumed.de\/fr\/wp-json\/wp\/v2\/product_tag?post=31285"}],"curies":[{"name":"wp","href":"https:\/\/api.w.org\/{rel}","templated":true}]}}