{"id":37417,"date":"2025-09-04T18:21:52","date_gmt":"2025-09-04T18:21:52","guid":{"rendered":"https:\/\/ar-instrumed.de\/demo\/?post_type=product&#038;p=37417"},"modified":"2025-09-22T20:07:30","modified_gmt":"2025-09-22T20:07:30","slug":"kerrison-bone-rongeur-15cm","status":"publish","type":"product","link":"https:\/\/ar-instrumed.de\/es\/producto\/kerrison-bone-rongeur-15cm\/","title":{"rendered":"Rongeur de hueso Kerrison 15cm"},"content":{"rendered":"<p>Rongeur de queroseno Punz\u00f3n para huesos Longitud 15 cm Material: Acero inoxidable m\u00e9dico de alta calidad, resistente a la corrosi\u00f3n Autoclavable<\/p>","protected":false},"excerpt":{"rendered":"<p>Rongeur de queroseno Punz\u00f3n para huesos Longitud 15 cm Material: Acero inoxidable m\u00e9dico de alta calidad, resistente a la corrosi\u00f3n Autoclavable<\/p>","protected":false},"featured_media":37467,"comment_status":"open","ping_status":"closed","template":"","meta":[],"product_brand":[],"product_cat":[253,228],"product_tag":[],"class_list":{"0":"post-37417","1":"product","2":"type-product","3":"status-publish","4":"has-post-thumbnail","6":"product_cat-bone-rongeurs","7":"product_cat-general-instruments","9":"first","10":"instock","11":"taxable","12":"shipping-taxable","13":"purchasable","14":"product-type-simple"},"_links":{"self":[{"href":"https:\/\/ar-instrumed.de\/es\/wp-json\/wp\/v2\/product\/37417","targetHints":{"allow":["GET"]}}],"collection":[{"href":"https:\/\/ar-instrumed.de\/es\/wp-json\/wp\/v2\/product"}],"about":[{"href":"https:\/\/ar-instrumed.de\/es\/wp-json\/wp\/v2\/types\/product"}],"replies":[{"embeddable":true,"href":"https:\/\/ar-instrumed.de\/es\/wp-json\/wp\/v2\/comments?post=37417"}],"version-history":[{"count":2,"href":"https:\/\/ar-instrumed.de\/es\/wp-json\/wp\/v2\/product\/37417\/revisions"}],"predecessor-version":[{"id":55207,"href":"https:\/\/ar-instrumed.de\/es\/wp-json\/wp\/v2\/product\/37417\/revisions\/55207"}],"wp:featuredmedia":[{"embeddable":true,"href":"https:\/\/ar-instrumed.de\/es\/wp-json\/wp\/v2\/media\/37467"}],"wp:attachment":[{"href":"https:\/\/ar-instrumed.de\/es\/wp-json\/wp\/v2\/media?parent=37417"}],"wp:term":[{"taxonomy":"product_brand","embeddable":true,"href":"https:\/\/ar-instrumed.de\/es\/wp-json\/wp\/v2\/product_brand?post=37417"},{"taxonomy":"product_cat","embeddable":true,"href":"https:\/\/ar-instrumed.de\/es\/wp-json\/wp\/v2\/product_cat?post=37417"},{"taxonomy":"product_tag","embeddable":true,"href":"https:\/\/ar-instrumed.de\/es\/wp-json\/wp\/v2\/product_tag?post=37417"}],"curies":[{"name":"wp","href":"https:\/\/api.w.org\/{rel}","templated":true}]}}