{"id":37334,"date":"2025-09-04T18:19:41","date_gmt":"2025-09-04T18:19:41","guid":{"rendered":"https:\/\/ar-instrumed.de\/demo\/?post_type=product&#038;p=37334"},"modified":"2025-09-22T20:07:41","modified_gmt":"2025-09-22T20:07:41","slug":"osteotome-straight-convex-marks-10-12-14-16-18-3-7-180mm","status":"publish","type":"product","link":"https:\/\/ar-instrumed.de\/es\/producto\/osteotome-straight-convex-marks-10-12-14-16-18-3-7-180mm\/","title":{"rendered":"Osteotomo Recto-Convexo Marcas: 1,0-1,2-1,4-1,6-1,8 3,7-180mm"},"content":{"rendered":"<p>Oste\u00f3tomo con tope, de punta recta-convexa (3,7 mm) Longitud 180 mm Material: Acero inoxidable m\u00e9dico de alta calidad, resistente a la corrosi\u00f3n Autoclavable, esterilizable<\/p>","protected":false},"excerpt":{"rendered":"<p>Oste\u00f3tomo con tope, de punta recta-convexa (3,7 mm) Longitud 180 mm Material: Acero inoxidable m\u00e9dico de alta calidad, resistente a la corrosi\u00f3n Autoclavable, esterilizable<\/p>","protected":false},"featured_media":37380,"comment_status":"open","ping_status":"closed","template":"","meta":[],"product_brand":[],"product_cat":[248],"product_tag":[],"class_list":{"0":"post-37334","1":"product","2":"type-product","3":"status-publish","4":"has-post-thumbnail","6":"product_cat-osteotomes","8":"first","9":"instock","10":"taxable","11":"shipping-taxable","12":"purchasable","13":"product-type-simple"},"_links":{"self":[{"href":"https:\/\/ar-instrumed.de\/es\/wp-json\/wp\/v2\/product\/37334","targetHints":{"allow":["GET"]}}],"collection":[{"href":"https:\/\/ar-instrumed.de\/es\/wp-json\/wp\/v2\/product"}],"about":[{"href":"https:\/\/ar-instrumed.de\/es\/wp-json\/wp\/v2\/types\/product"}],"replies":[{"embeddable":true,"href":"https:\/\/ar-instrumed.de\/es\/wp-json\/wp\/v2\/comments?post=37334"}],"version-history":[{"count":2,"href":"https:\/\/ar-instrumed.de\/es\/wp-json\/wp\/v2\/product\/37334\/revisions"}],"predecessor-version":[{"id":55227,"href":"https:\/\/ar-instrumed.de\/es\/wp-json\/wp\/v2\/product\/37334\/revisions\/55227"}],"wp:featuredmedia":[{"embeddable":true,"href":"https:\/\/ar-instrumed.de\/es\/wp-json\/wp\/v2\/media\/37380"}],"wp:attachment":[{"href":"https:\/\/ar-instrumed.de\/es\/wp-json\/wp\/v2\/media?parent=37334"}],"wp:term":[{"taxonomy":"product_brand","embeddable":true,"href":"https:\/\/ar-instrumed.de\/es\/wp-json\/wp\/v2\/product_brand?post=37334"},{"taxonomy":"product_cat","embeddable":true,"href":"https:\/\/ar-instrumed.de\/es\/wp-json\/wp\/v2\/product_cat?post=37334"},{"taxonomy":"product_tag","embeddable":true,"href":"https:\/\/ar-instrumed.de\/es\/wp-json\/wp\/v2\/product_tag?post=37334"}],"curies":[{"name":"wp","href":"https:\/\/api.w.org\/{rel}","templated":true}]}}