{"id":36656,"date":"2025-09-04T17:59:17","date_gmt":"2025-09-04T17:59:17","guid":{"rendered":"https:\/\/ar-instrumed.de\/demo\/?post_type=product&#038;p=36656"},"modified":"2025-09-22T20:09:39","modified_gmt":"2025-09-22T20:09:39","slug":"bone-morselizer-in-titanium-40mm","status":"publish","type":"product","link":"https:\/\/ar-instrumed.de\/es\/producto\/bone-morselizer-in-titanium-40mm\/","title":{"rendered":"Bone Morselizer en titanio 40mm"},"content":{"rendered":"<p>Fresa \u00f3sea de titanio 40 mm Material: Acero inoxidable m\u00e9dico de alta calidad, resistente a la corrosi\u00f3n Autoclavable, esterilizable<\/p>","protected":false},"excerpt":{"rendered":"<p>Fresa \u00f3sea de titanio 40 mm Material: Acero inoxidable m\u00e9dico de alta calidad, resistente a la corrosi\u00f3n Autoclavable, esterilizable<\/p>","protected":false},"featured_media":36732,"comment_status":"open","ping_status":"closed","template":"","meta":[],"product_brand":[],"product_cat":[246,247],"product_tag":[],"class_list":{"0":"post-36656","1":"product","2":"type-product","3":"status-publish","4":"has-post-thumbnail","6":"product_cat-implantology","7":"product_cat-bone-crushers","9":"first","10":"instock","11":"taxable","12":"shipping-taxable","13":"purchasable","14":"product-type-simple"},"_links":{"self":[{"href":"https:\/\/ar-instrumed.de\/es\/wp-json\/wp\/v2\/product\/36656","targetHints":{"allow":["GET"]}}],"collection":[{"href":"https:\/\/ar-instrumed.de\/es\/wp-json\/wp\/v2\/product"}],"about":[{"href":"https:\/\/ar-instrumed.de\/es\/wp-json\/wp\/v2\/types\/product"}],"replies":[{"embeddable":true,"href":"https:\/\/ar-instrumed.de\/es\/wp-json\/wp\/v2\/comments?post=36656"}],"version-history":[{"count":2,"href":"https:\/\/ar-instrumed.de\/es\/wp-json\/wp\/v2\/product\/36656\/revisions"}],"predecessor-version":[{"id":55407,"href":"https:\/\/ar-instrumed.de\/es\/wp-json\/wp\/v2\/product\/36656\/revisions\/55407"}],"wp:featuredmedia":[{"embeddable":true,"href":"https:\/\/ar-instrumed.de\/es\/wp-json\/wp\/v2\/media\/36732"}],"wp:attachment":[{"href":"https:\/\/ar-instrumed.de\/es\/wp-json\/wp\/v2\/media?parent=36656"}],"wp:term":[{"taxonomy":"product_brand","embeddable":true,"href":"https:\/\/ar-instrumed.de\/es\/wp-json\/wp\/v2\/product_brand?post=36656"},{"taxonomy":"product_cat","embeddable":true,"href":"https:\/\/ar-instrumed.de\/es\/wp-json\/wp\/v2\/product_cat?post=36656"},{"taxonomy":"product_tag","embeddable":true,"href":"https:\/\/ar-instrumed.de\/es\/wp-json\/wp\/v2\/product_tag?post=36656"}],"curies":[{"name":"wp","href":"https:\/\/api.w.org\/{rel}","templated":true}]}}