{"id":36627,"date":"2025-09-04T17:58:39","date_gmt":"2025-09-04T17:58:39","guid":{"rendered":"https:\/\/ar-instrumed.de\/demo\/?post_type=product&#038;p=36627"},"modified":"2025-09-22T20:09:48","modified_gmt":"2025-09-22T20:09:48","slug":"crown-remover-pliers-for-incisors-with-rubber-retentive-14cm","status":"publish","type":"product","link":"https:\/\/ar-instrumed.de\/es\/producto\/crown-remover-pliers-for-incisors-with-rubber-retentive-14cm\/","title":{"rendered":"Alicates Corona para Incisivos con Retenedor de Goma 14cm"},"content":{"rendered":"<p>Pinzas para extraer coronas, con mand\u00edbulas de silicona intercambiables Longitud aprox. 14 cm con mand\u00edbulas de silicona intercambiables Material: Acero inoxidable m\u00e9dico de alta calidad, resistente a la corrosi\u00f3n Autoclavable, esterilizable<\/p>","protected":false},"excerpt":{"rendered":"<p>Crown removal forceps, with interchangeable silicone jaws Length approx. 14 cm with interchangeable silicone jaws Material: High-quality medical stainless steel,<\/p>","protected":false},"featured_media":36681,"comment_status":"open","ping_status":"closed","template":"","meta":[],"product_brand":[],"product_cat":[222,223,268],"product_tag":[],"class_list":{"0":"post-36627","1":"product","2":"type-product","3":"status-publish","4":"has-post-thumbnail","6":"product_cat-prosthetics","7":"product_cat-crown-remover","8":"product_cat-crown-remover-forceps","10":"first","11":"instock","12":"taxable","13":"shipping-taxable","14":"purchasable","15":"product-type-simple"},"_links":{"self":[{"href":"https:\/\/ar-instrumed.de\/es\/wp-json\/wp\/v2\/product\/36627","targetHints":{"allow":["GET"]}}],"collection":[{"href":"https:\/\/ar-instrumed.de\/es\/wp-json\/wp\/v2\/product"}],"about":[{"href":"https:\/\/ar-instrumed.de\/es\/wp-json\/wp\/v2\/types\/product"}],"replies":[{"embeddable":true,"href":"https:\/\/ar-instrumed.de\/es\/wp-json\/wp\/v2\/comments?post=36627"}],"version-history":[{"count":2,"href":"https:\/\/ar-instrumed.de\/es\/wp-json\/wp\/v2\/product\/36627\/revisions"}],"predecessor-version":[{"id":55421,"href":"https:\/\/ar-instrumed.de\/es\/wp-json\/wp\/v2\/product\/36627\/revisions\/55421"}],"wp:featuredmedia":[{"embeddable":true,"href":"https:\/\/ar-instrumed.de\/es\/wp-json\/wp\/v2\/media\/36681"}],"wp:attachment":[{"href":"https:\/\/ar-instrumed.de\/es\/wp-json\/wp\/v2\/media?parent=36627"}],"wp:term":[{"taxonomy":"product_brand","embeddable":true,"href":"https:\/\/ar-instrumed.de\/es\/wp-json\/wp\/v2\/product_brand?post=36627"},{"taxonomy":"product_cat","embeddable":true,"href":"https:\/\/ar-instrumed.de\/es\/wp-json\/wp\/v2\/product_cat?post=36627"},{"taxonomy":"product_tag","embeddable":true,"href":"https:\/\/ar-instrumed.de\/es\/wp-json\/wp\/v2\/product_tag?post=36627"}],"curies":[{"name":"wp","href":"https:\/\/api.w.org\/{rel}","templated":true}]}}