{"id":36626,"date":"2025-09-04T17:58:38","date_gmt":"2025-09-04T17:58:38","guid":{"rendered":"https:\/\/ar-instrumed.de\/demo\/?post_type=product&#038;p=36626"},"modified":"2025-09-22T20:09:49","modified_gmt":"2025-09-22T20:09:49","slug":"forcep-upper-premolars-attack-deep-16-5cm-2","status":"publish","type":"product","link":"https:\/\/ar-instrumed.de\/es\/producto\/forcep-upper-premolars-attack-deep-16-5cm-2\/","title":{"rendered":"F\u00f3rcep Premolares Superiores Ataque Profundo 16,5cm"},"content":{"rendered":"<p>Pinzas de extracci\u00f3n de agarre profundo para premolares del maxilar superior, Material: Acero inoxidable m\u00e9dico de alta calidad, resistente a la corrosi\u00f3n Perfil adhesivo (dentado en cruz) Mordazas de la pinza con estr\u00edas longitudinales y transversales en el interior Borde dentado para una mejor fricci\u00f3n sobre el diente Longitud total: aprox. 16,5 cm Autoclavable, esterilizable Disponible con mango est\u00e1ndar y mango anat\u00f3mico (en forma de dedo)<\/p>","protected":false},"excerpt":{"rendered":"<p>Deep-gripping extraction forceps for upper jaw premolars, Material: High-quality, corrosion-resistant medical stainless steel Adhesive profile (cross-toothing) Forceps jaws with longitudinal<\/p>","protected":false},"featured_media":36679,"comment_status":"open","ping_status":"closed","template":"","meta":[],"product_brand":[],"product_cat":[225,231,232],"product_tag":[],"class_list":{"0":"post-36626","1":"product","2":"type-product","3":"status-publish","4":"has-post-thumbnail","6":"product_cat-extraction","7":"product_cat-extraction-forceps","8":"product_cat-extraction-forceps-anatomical-handle","10":"first","11":"instock","12":"taxable","13":"shipping-taxable","14":"purchasable","15":"product-type-simple"},"_links":{"self":[{"href":"https:\/\/ar-instrumed.de\/es\/wp-json\/wp\/v2\/product\/36626","targetHints":{"allow":["GET"]}}],"collection":[{"href":"https:\/\/ar-instrumed.de\/es\/wp-json\/wp\/v2\/product"}],"about":[{"href":"https:\/\/ar-instrumed.de\/es\/wp-json\/wp\/v2\/types\/product"}],"replies":[{"embeddable":true,"href":"https:\/\/ar-instrumed.de\/es\/wp-json\/wp\/v2\/comments?post=36626"}],"version-history":[{"count":2,"href":"https:\/\/ar-instrumed.de\/es\/wp-json\/wp\/v2\/product\/36626\/revisions"}],"predecessor-version":[{"id":55425,"href":"https:\/\/ar-instrumed.de\/es\/wp-json\/wp\/v2\/product\/36626\/revisions\/55425"}],"wp:featuredmedia":[{"embeddable":true,"href":"https:\/\/ar-instrumed.de\/es\/wp-json\/wp\/v2\/media\/36679"}],"wp:attachment":[{"href":"https:\/\/ar-instrumed.de\/es\/wp-json\/wp\/v2\/media?parent=36626"}],"wp:term":[{"taxonomy":"product_brand","embeddable":true,"href":"https:\/\/ar-instrumed.de\/es\/wp-json\/wp\/v2\/product_brand?post=36626"},{"taxonomy":"product_cat","embeddable":true,"href":"https:\/\/ar-instrumed.de\/es\/wp-json\/wp\/v2\/product_cat?post=36626"},{"taxonomy":"product_tag","embeddable":true,"href":"https:\/\/ar-instrumed.de\/es\/wp-json\/wp\/v2\/product_tag?post=36626"}],"curies":[{"name":"wp","href":"https:\/\/api.w.org\/{rel}","templated":true}]}}