{"id":35632,"date":"2025-09-04T17:32:34","date_gmt":"2025-09-04T17:32:34","guid":{"rendered":"https:\/\/ar-instrumed.de\/demo\/?post_type=product&#038;p=35632"},"modified":"2025-09-22T20:12:52","modified_gmt":"2025-09-22T20:12:52","slug":"implantology-set-of-12","status":"publish","type":"product","link":"https:\/\/ar-instrumed.de\/es\/producto\/implantology-set-of-12\/","title":{"rendered":"Implantolog\u00eda Set de 12"},"content":{"rendered":"<p>Implantolog\u00eda juego de 12 piezas 106-339-1 Raspador \u00f3seo 106-340 Cincel 1mm\/4mm 106-341 Cincel 1,5mm\/4mm 106-342 Cincel 2mm\/4mm 106-343 Cincel 2.5mm\/4mm 106-362 Cincel 5mm medio 106-363 Cincel 5mm izquierdo 106-364 Cincel 5mm derecho 106-059-1H Instrumento para elevaci\u00f3n de seno maxilar de calidad superior Figura 1 106-059-2H Instrumento para elevaci\u00f3n de seno maxilar de calidad superior Figura 2 106-059-3H Instrumento para elevaci\u00f3n de seno maxilar de calidad superior Figura 3 106-059-4H Instrumento para elevaci\u00f3n de seno maxilar de calidad superior Figura 4<\/p>","protected":false},"excerpt":{"rendered":"<p>Implantology set of 12 pieces 106-339-1 Bone scraper 106-340 Chisel 1mm\/4mm 106-341 Chisel 1.5mm\/4mm 106-342 Chisel 2mm\/4mm 106-343 Chisel 2.5mm\/4mm<\/p>","protected":false},"featured_media":35702,"comment_status":"open","ping_status":"closed","template":"","meta":[],"product_brand":[],"product_cat":[224,246],"product_tag":[],"class_list":{"0":"post-35632","1":"product","2":"type-product","3":"status-publish","4":"has-post-thumbnail","6":"product_cat-instruments-set","7":"product_cat-implantology","9":"first","10":"instock","11":"taxable","12":"shipping-taxable","13":"purchasable","14":"product-type-simple"},"_links":{"self":[{"href":"https:\/\/ar-instrumed.de\/es\/wp-json\/wp\/v2\/product\/35632","targetHints":{"allow":["GET"]}}],"collection":[{"href":"https:\/\/ar-instrumed.de\/es\/wp-json\/wp\/v2\/product"}],"about":[{"href":"https:\/\/ar-instrumed.de\/es\/wp-json\/wp\/v2\/types\/product"}],"replies":[{"embeddable":true,"href":"https:\/\/ar-instrumed.de\/es\/wp-json\/wp\/v2\/comments?post=35632"}],"version-history":[{"count":2,"href":"https:\/\/ar-instrumed.de\/es\/wp-json\/wp\/v2\/product\/35632\/revisions"}],"predecessor-version":[{"id":55733,"href":"https:\/\/ar-instrumed.de\/es\/wp-json\/wp\/v2\/product\/35632\/revisions\/55733"}],"wp:featuredmedia":[{"embeddable":true,"href":"https:\/\/ar-instrumed.de\/es\/wp-json\/wp\/v2\/media\/35702"}],"wp:attachment":[{"href":"https:\/\/ar-instrumed.de\/es\/wp-json\/wp\/v2\/media?parent=35632"}],"wp:term":[{"taxonomy":"product_brand","embeddable":true,"href":"https:\/\/ar-instrumed.de\/es\/wp-json\/wp\/v2\/product_brand?post=35632"},{"taxonomy":"product_cat","embeddable":true,"href":"https:\/\/ar-instrumed.de\/es\/wp-json\/wp\/v2\/product_cat?post=35632"},{"taxonomy":"product_tag","embeddable":true,"href":"https:\/\/ar-instrumed.de\/es\/wp-json\/wp\/v2\/product_tag?post=35632"}],"curies":[{"name":"wp","href":"https:\/\/api.w.org\/{rel}","templated":true}]}}