{"id":35445,"date":"2025-09-04T17:28:21","date_gmt":"2025-09-04T17:28:21","guid":{"rendered":"https:\/\/ar-instrumed.de\/demo\/?post_type=product&#038;p=35445"},"modified":"2025-09-22T20:13:21","modified_gmt":"2025-09-22T20:13:21","slug":"extraction-elevator-3mm-left-2","status":"publish","type":"product","link":"https:\/\/ar-instrumed.de\/es\/producto\/extraction-elevator-3mm-left-2\/","title":{"rendered":"Extracci\u00f3n Elevador 3mm Izquierda"},"content":{"rendered":"<p>Elevador radicular Mango hueco anat\u00f3mico con recubrimiento de nitruro de circonio en la punta 3 mm derecha Material: Acero inoxidable m\u00e9dico de alta calidad, resistente a la corrosi\u00f3n Autoclavable<\/p>","protected":false},"excerpt":{"rendered":"<p>Root elevator Anatomical hollow handle with zirconia nitride coating on tip 3 mm right Material: High-quality medical stainless steel, corrosion-resistant<\/p>","protected":false},"featured_media":35507,"comment_status":"open","ping_status":"closed","template":"","meta":[],"product_brand":[],"product_cat":[225,234],"product_tag":[],"class_list":{"0":"post-35445","1":"product","2":"type-product","3":"status-publish","4":"has-post-thumbnail","6":"product_cat-extraction","7":"product_cat-root-elevators","9":"first","10":"instock","11":"taxable","12":"shipping-taxable","13":"purchasable","14":"product-type-simple"},"_links":{"self":[{"href":"https:\/\/ar-instrumed.de\/es\/wp-json\/wp\/v2\/product\/35445","targetHints":{"allow":["GET"]}}],"collection":[{"href":"https:\/\/ar-instrumed.de\/es\/wp-json\/wp\/v2\/product"}],"about":[{"href":"https:\/\/ar-instrumed.de\/es\/wp-json\/wp\/v2\/types\/product"}],"replies":[{"embeddable":true,"href":"https:\/\/ar-instrumed.de\/es\/wp-json\/wp\/v2\/comments?post=35445"}],"version-history":[{"count":2,"href":"https:\/\/ar-instrumed.de\/es\/wp-json\/wp\/v2\/product\/35445\/revisions"}],"predecessor-version":[{"id":55783,"href":"https:\/\/ar-instrumed.de\/es\/wp-json\/wp\/v2\/product\/35445\/revisions\/55783"}],"wp:featuredmedia":[{"embeddable":true,"href":"https:\/\/ar-instrumed.de\/es\/wp-json\/wp\/v2\/media\/35507"}],"wp:attachment":[{"href":"https:\/\/ar-instrumed.de\/es\/wp-json\/wp\/v2\/media?parent=35445"}],"wp:term":[{"taxonomy":"product_brand","embeddable":true,"href":"https:\/\/ar-instrumed.de\/es\/wp-json\/wp\/v2\/product_brand?post=35445"},{"taxonomy":"product_cat","embeddable":true,"href":"https:\/\/ar-instrumed.de\/es\/wp-json\/wp\/v2\/product_cat?post=35445"},{"taxonomy":"product_tag","embeddable":true,"href":"https:\/\/ar-instrumed.de\/es\/wp-json\/wp\/v2\/product_tag?post=35445"}],"curies":[{"name":"wp","href":"https:\/\/api.w.org\/{rel}","templated":true}]}}