{"id":34958,"date":"2025-09-04T17:01:29","date_gmt":"2025-09-04T17:01:29","guid":{"rendered":"https:\/\/ar-instrumed.de\/demo\/?post_type=product&#038;p=34958"},"modified":"2025-09-22T20:15:00","modified_gmt":"2025-09-22T20:15:00","slug":"rubber-dam-kit-12-pcs-plastic-box","status":"publish","type":"product","link":"https:\/\/ar-instrumed.de\/es\/producto\/rubber-dam-kit-12-pcs-plastic-box\/","title":{"rendered":"Kit Dique de Goma 12 Piezas Caja Pl\u00e1stico"},"content":{"rendered":"<p>Instrumentos de dique de goma juego de 12 piezas caja de pl\u00e1stico Material: Acero inoxidable m\u00e9dico de alta calidad, resistente a la corrosi\u00f3n Autoclavable<\/p>","protected":false},"excerpt":{"rendered":"<p>Instrumentos de dique de goma juego de 12 piezas caja de pl\u00e1stico Material: Acero inoxidable m\u00e9dico de alta calidad, resistente a la corrosi\u00f3n Autoclavable<\/p>","protected":false},"featured_media":35027,"comment_status":"open","ping_status":"closed","template":"","meta":[],"product_brand":[],"product_cat":[224,227,251],"product_tag":[],"class_list":{"0":"post-34958","1":"product","2":"type-product","3":"status-publish","4":"has-post-thumbnail","6":"product_cat-instruments-set","7":"product_cat-surgery","8":"product_cat-rubber-dam-instruments","10":"first","11":"instock","12":"taxable","13":"shipping-taxable","14":"purchasable","15":"product-type-simple"},"_links":{"self":[{"href":"https:\/\/ar-instrumed.de\/es\/wp-json\/wp\/v2\/product\/34958","targetHints":{"allow":["GET"]}}],"collection":[{"href":"https:\/\/ar-instrumed.de\/es\/wp-json\/wp\/v2\/product"}],"about":[{"href":"https:\/\/ar-instrumed.de\/es\/wp-json\/wp\/v2\/types\/product"}],"replies":[{"embeddable":true,"href":"https:\/\/ar-instrumed.de\/es\/wp-json\/wp\/v2\/comments?post=34958"}],"version-history":[{"count":2,"href":"https:\/\/ar-instrumed.de\/es\/wp-json\/wp\/v2\/product\/34958\/revisions"}],"predecessor-version":[{"id":55935,"href":"https:\/\/ar-instrumed.de\/es\/wp-json\/wp\/v2\/product\/34958\/revisions\/55935"}],"wp:featuredmedia":[{"embeddable":true,"href":"https:\/\/ar-instrumed.de\/es\/wp-json\/wp\/v2\/media\/35027"}],"wp:attachment":[{"href":"https:\/\/ar-instrumed.de\/es\/wp-json\/wp\/v2\/media?parent=34958"}],"wp:term":[{"taxonomy":"product_brand","embeddable":true,"href":"https:\/\/ar-instrumed.de\/es\/wp-json\/wp\/v2\/product_brand?post=34958"},{"taxonomy":"product_cat","embeddable":true,"href":"https:\/\/ar-instrumed.de\/es\/wp-json\/wp\/v2\/product_cat?post=34958"},{"taxonomy":"product_tag","embeddable":true,"href":"https:\/\/ar-instrumed.de\/es\/wp-json\/wp\/v2\/product_tag?post=34958"}],"curies":[{"name":"wp","href":"https:\/\/api.w.org\/{rel}","templated":true}]}}